{"id":1052,"date":"2022-05-25T02:24:55","date_gmt":"2022-05-25T02:24:55","guid":{"rendered":"https:\/\/maisondelatunisie.com\/Dec2025\/?page_id=1052"},"modified":"2022-06-15T03:13:06","modified_gmt":"2022-06-15T03:13:06","slug":"louer-un-espace","status":"publish","type":"page","link":"https:\/\/maisondelatunisie.com\/Dec2025\/louer-un-espace\/","title":{"rendered":"Louer un espace"},"content":{"rendered":"\t\t<div data-elementor-type=\"wp-page\" data-elementor-id=\"1052\" class=\"elementor elementor-1052\">\n\t\t\t\t\t\t<section class=\"elementor-section elementor-top-section elementor-element elementor-element-ac12a12 elementor-section-boxed elementor-section-height-default elementor-section-height-default wpr-particle-no wpr-jarallax-no wpr-parallax-no wpr-sticky-section-no\" data-id=\"ac12a12\" data-element_type=\"section\">\n\t\t\t\t\t\t<div class=\"elementor-container elementor-column-gap-default\">\n\t\t\t\t\t<div class=\"elementor-column elementor-col-100 elementor-top-column elementor-element elementor-element-11dfc2d\" data-id=\"11dfc2d\" data-element_type=\"column\">\n\t\t\t<div class=\"elementor-widget-wrap elementor-element-populated\">\n\t\t\t\t\t\t<div class=\"elementor-element elementor-element-1455e9a elementor-widget elementor-widget-image\" data-id=\"1455e9a\" data-element_type=\"widget\" data-widget_type=\"image.default\">\n\t\t\t\t<div class=\"elementor-widget-container\">\n\t\t\t\t\t\t\t\t\t\t\t\t\t\t\t<img fetchpriority=\"high\" decoding=\"async\" width=\"1024\" height=\"256\" src=\"https:\/\/maisondelatunisie.com\/Dec2025\/wp-content\/uploads\/2022\/05\/banniere-copy.jpg\" class=\"attachment-large size-large wp-image-1607\" alt=\"\" \/>\t\t\t\t\t\t\t\t\t\t\t\t\t\t\t<\/div>\n\t\t\t\t<\/div>\n\t\t\t\t\t<\/div>\n\t\t<\/div>\n\t\t\t\t\t<\/div>\n\t\t<\/section>\n\t\t\t\t<section class=\"elementor-section elementor-top-section elementor-element elementor-element-311e8d7 elementor-section-boxed elementor-section-height-default elementor-section-height-default wpr-particle-no wpr-jarallax-no wpr-parallax-no wpr-sticky-section-no\" data-id=\"311e8d7\" data-element_type=\"section\">\n\t\t\t\t\t\t<div class=\"elementor-container elementor-column-gap-default\">\n\t\t\t\t\t<div class=\"elementor-column elementor-col-100 elementor-top-column elementor-element elementor-element-f79bb39\" data-id=\"f79bb39\" data-element_type=\"column\">\n\t\t\t<div class=\"elementor-widget-wrap elementor-element-populated\">\n\t\t\t\t\t\t<div class=\"elementor-element elementor-element-37f3bf3 elementor-widget elementor-widget-heading\" data-id=\"37f3bf3\" data-element_type=\"widget\" data-widget_type=\"heading.default\">\n\t\t\t\t<div class=\"elementor-widget-container\">\n\t\t\t\t\t<h2 class=\"elementor-heading-title elementor-size-default\">AUDITORIUM PAVILLON HABIB BOURGUIBA<\/h2>\t\t\t\t<\/div>\n\t\t\t\t<\/div>\n\t\t\t\t\t<\/div>\n\t\t<\/div>\n\t\t\t\t\t<\/div>\n\t\t<\/section>\n\t\t\t\t<section class=\"elementor-section elementor-top-section elementor-element elementor-element-1ff14eb elementor-section-boxed elementor-section-height-default elementor-section-height-default wpr-particle-no wpr-jarallax-no wpr-parallax-no wpr-sticky-section-no\" data-id=\"1ff14eb\" data-element_type=\"section\">\n\t\t\t\t\t\t<div class=\"elementor-container elementor-column-gap-default\">\n\t\t\t\t\t<div class=\"elementor-column elementor-col-33 elementor-top-column elementor-element elementor-element-4757079\" data-id=\"4757079\" data-element_type=\"column\">\n\t\t\t<div class=\"elementor-widget-wrap elementor-element-populated\">\n\t\t\t\t\t\t<div class=\"elementor-element elementor-element-985b180 elementor-widget elementor-widget-text-editor\" data-id=\"985b180\" data-element_type=\"widget\" data-widget_type=\"text-editor.default\">\n\t\t\t\t<div class=\"elementor-widget-container\">\n\t\t\t\t\t\t\t\t\t<p><span style=\"font-weight: 400;\">Un auditorium de 250 places permet \u00e0 la maison d\u2019accueillir et organiser diff\u00e9rents \u00e9v\u00e8nements, rencontres scientifiques, conf\u00e9rence de presse, projections de films, organisations de manifestations litt\u00e9raires, transmissions en Live, actions de formation, performances musicales, castings, pr\u00e9parations de tournages, assembl\u00e9es g\u00e9n\u00e9rales, jurys, ateliers, \u2026<\/span><\/p><p>\u00a0<\/p><p><span style=\"font-weight: 400;\">250 places Assises + 4 PMR (Num\u00e9rot\u00e9es)<\/span><\/p><ul><li><span style=\"font-weight: 400;\"> 2 loges chauff\u00e9es, avec miroir et 1 toilette<\/span><\/li><li><span style=\"font-weight: 400;\"> 4 sanitaires et 1 sanitaire PMR pour Femmes<\/span><\/li><li><span style=\"font-weight: 400;\"> 4 sanitaires et 1 sanitaire PMR pour Hommes<\/span><\/li><li><span style=\"font-weight: 400;\"> Rideau de sc\u00e8ne noir motoris\u00e9<\/span><\/li><li><span style=\"font-weight: 400;\"> Ouverture sc\u00e8ne : 14,5m,\u00a0<\/span><\/li><\/ul><p><span style=\"font-weight: 400;\">\u00a0\u00a0\u00a0Profondeur : 6m,\u00a0<\/span><\/p><p><span style=\"font-weight: 400;\">\u00a0\u00a0\u00a0Hauteur : 4,3m<\/span><\/p><p><span style=\"font-weight: 400;\">\u00a0\u00a0\u00a0Superficie: 63,77 m\u00b2<\/span><\/p>\t\t\t\t\t\t\t\t<\/div>\n\t\t\t\t<\/div>\n\t\t\t\t\t<\/div>\n\t\t<\/div>\n\t\t\t\t<div class=\"elementor-column elementor-col-33 elementor-top-column elementor-element elementor-element-f4706d9\" data-id=\"f4706d9\" data-element_type=\"column\">\n\t\t\t<div class=\"elementor-widget-wrap elementor-element-populated\">\n\t\t\t\t\t\t<div class=\"elementor-element elementor-element-125d97c elementor-widget elementor-widget-text-editor\" data-id=\"125d97c\" data-element_type=\"widget\" data-widget_type=\"text-editor.default\">\n\t\t\t\t<div class=\"elementor-widget-container\">\n\t\t\t\t\t\t\t\t\t<p><b>Fiche technique lumi\u00e8re:<\/b><\/p><p><span style=\"font-weight: 400;\">R\u00e9gie: ma Lighting GrandMa 1 light, un m\u00e9langeur lumi\u00e8re traditionel, 1 univers DMX entre la r\u00e9gie et la sc\u00e8ne.<\/span><\/p><p><span style=\"font-weight: 400;\">Mat\u00e9riels sur sc\u00e8ne en accroche (fixe): 6 projecteurs LED RVB Starway<\/span><\/p><p><span style=\"font-weight: 400;\">Pont de face : 6 fresnels 1000W, 2 d\u00e9coupes 1K ADB sur un grada<\/span><\/p><p><span style=\"font-weight: 400;\">\u00a0<\/span><\/p><p><b>Fiche technique mat\u00e9riel vid\u00e9o:\u00a0<\/b><\/p><p><span style=\"font-weight: 400;\">1 \u00e9cran motoris\u00e9 sur sc\u00e8ne 6 m\u00e8tres de base et hauteur r\u00e9glable, 1 vid\u00e9oprojecteur FullHD Christies 10 000 lumens, une liaison entre Vid\u00e9oprojecteur et r\u00e9gie en RJ45, une connexion vid\u00e9o :HDMI<\/span><\/p><p><span style=\"font-weight: 400;\">\u00a0<\/span><\/p><p><b>Fiche technique son:\u00a0<\/b><\/p><p><span style=\"font-weight: 400;\">&#8211; Console Allen &amp; Health SQ5 (16 In\/12 Out)<\/span><\/p><p><span style=\"font-weight: 400;\">&#8211; 2 enceintes fa\u00e7ade JBL CBT 1 000 avec 1 caisson de sub<\/span><\/p><p><span style=\"font-weight: 400;\">&#8211; 2 amplis Crown Series XTI2<\/span><\/p><p><span style=\"font-weight: 400;\">&#8211; Patch XLR entre r\u00e9gie et sc\u00e8ne. 24 entr\u00e9es\/ 6 sorties + 2 RJ45<\/span><\/p><p><span style=\"font-weight: 400;\">&#8211; 2 HF mains Shure QLXD<\/span><\/p><p><span style=\"font-weight: 400;\">&#8211; Lecteur-Enregistreur Tascam SS-CDR200 (CD-SD-CF-USB)<\/span><\/p><p><span style=\"font-weight: 400;\">&#8211; 1 boucle malentendants<\/span><\/p>\t\t\t\t\t\t\t\t<\/div>\n\t\t\t\t<\/div>\n\t\t\t\t\t<\/div>\n\t\t<\/div>\n\t\t\t\t<div class=\"elementor-column elementor-col-33 elementor-top-column elementor-element elementor-element-b7cff00\" data-id=\"b7cff00\" data-element_type=\"column\">\n\t\t\t<div class=\"elementor-widget-wrap elementor-element-populated\">\n\t\t\t\t\t\t<div class=\"elementor-element elementor-element-8e8b446 elementor-widget elementor-widget-image\" data-id=\"8e8b446\" data-element_type=\"widget\" data-widget_type=\"image.default\">\n\t\t\t\t<div class=\"elementor-widget-container\">\n\t\t\t\t\t\t\t\t\t\t\t\t\t\t\t<img decoding=\"async\" width=\"1024\" height=\"768\" src=\"https:\/\/maisondelatunisie.com\/Dec2025\/wp-content\/uploads\/2022\/05\/46-01-1024x768.jpg\" class=\"attachment-large size-large wp-image-1749\" alt=\"\" srcset=\"https:\/\/maisondelatunisie.com\/Dec2025\/wp-content\/uploads\/2022\/05\/46-01-1024x768.jpg 1024w, https:\/\/maisondelatunisie.com\/Dec2025\/wp-content\/uploads\/2022\/05\/46-01-300x225.jpg 300w, https:\/\/maisondelatunisie.com\/Dec2025\/wp-content\/uploads\/2022\/05\/46-01-768x576.jpg 768w, https:\/\/maisondelatunisie.com\/Dec2025\/wp-content\/uploads\/2022\/05\/46-01-1536x1152.jpg 1536w, https:\/\/maisondelatunisie.com\/Dec2025\/wp-content\/uploads\/2022\/05\/46-01.jpg 1600w\" sizes=\"(max-width: 1024px) 100vw, 1024px\" \/>\t\t\t\t\t\t\t\t\t\t\t\t\t\t\t<\/div>\n\t\t\t\t<\/div>\n\t\t\t\t<div class=\"elementor-element elementor-element-7e8185f elementor-widget elementor-widget-image\" data-id=\"7e8185f\" data-element_type=\"widget\" data-widget_type=\"image.default\">\n\t\t\t\t<div class=\"elementor-widget-container\">\n\t\t\t\t\t\t\t\t\t\t\t\t\t\t\t<img decoding=\"async\" width=\"1024\" height=\"768\" src=\"https:\/\/maisondelatunisie.com\/Dec2025\/wp-content\/uploads\/2022\/05\/46-02-1024x768.jpg\" class=\"attachment-large size-large wp-image-1750\" alt=\"\" srcset=\"https:\/\/maisondelatunisie.com\/Dec2025\/wp-content\/uploads\/2022\/05\/46-02-1024x768.jpg 1024w, https:\/\/maisondelatunisie.com\/Dec2025\/wp-content\/uploads\/2022\/05\/46-02-300x225.jpg 300w, https:\/\/maisondelatunisie.com\/Dec2025\/wp-content\/uploads\/2022\/05\/46-02-768x576.jpg 768w, https:\/\/maisondelatunisie.com\/Dec2025\/wp-content\/uploads\/2022\/05\/46-02-1536x1152.jpg 1536w, https:\/\/maisondelatunisie.com\/Dec2025\/wp-content\/uploads\/2022\/05\/46-02.jpg 1600w\" sizes=\"(max-width: 1024px) 100vw, 1024px\" \/>\t\t\t\t\t\t\t\t\t\t\t\t\t\t\t<\/div>\n\t\t\t\t<\/div>\n\t\t\t\t<div class=\"elementor-element elementor-element-5fcc6c2 elementor-widget elementor-widget-image\" data-id=\"5fcc6c2\" data-element_type=\"widget\" data-widget_type=\"image.default\">\n\t\t\t\t<div class=\"elementor-widget-container\">\n\t\t\t\t\t\t\t\t\t\t\t\t\t\t\t<img loading=\"lazy\" decoding=\"async\" width=\"1024\" height=\"436\" src=\"https:\/\/maisondelatunisie.com\/Dec2025\/wp-content\/uploads\/2022\/05\/46-03-1024x436.jpg\" class=\"attachment-large size-large wp-image-1751\" alt=\"\" srcset=\"https:\/\/maisondelatunisie.com\/Dec2025\/wp-content\/uploads\/2022\/05\/46-03-1024x436.jpg 1024w, https:\/\/maisondelatunisie.com\/Dec2025\/wp-content\/uploads\/2022\/05\/46-03-300x128.jpg 300w, https:\/\/maisondelatunisie.com\/Dec2025\/wp-content\/uploads\/2022\/05\/46-03-768x327.jpg 768w, https:\/\/maisondelatunisie.com\/Dec2025\/wp-content\/uploads\/2022\/05\/46-03.jpg 1372w\" sizes=\"(max-width: 1024px) 100vw, 1024px\" \/>\t\t\t\t\t\t\t\t\t\t\t\t\t\t\t<\/div>\n\t\t\t\t<\/div>\n\t\t\t\t\t<\/div>\n\t\t<\/div>\n\t\t\t\t\t<\/div>\n\t\t<\/section>\n\t\t\t\t<section class=\"elementor-section elementor-top-section elementor-element elementor-element-c7a4bd6 elementor-section-boxed elementor-section-height-default elementor-section-height-default wpr-particle-no wpr-jarallax-no wpr-parallax-no wpr-sticky-section-no\" data-id=\"c7a4bd6\" data-element_type=\"section\">\n\t\t\t\t\t\t<div class=\"elementor-container elementor-column-gap-default\">\n\t\t\t\t\t<div class=\"elementor-column elementor-col-100 elementor-top-column elementor-element elementor-element-ab6f646\" data-id=\"ab6f646\" data-element_type=\"column\">\n\t\t\t<div class=\"elementor-widget-wrap elementor-element-populated\">\n\t\t\t\t\t\t<div class=\"elementor-element elementor-element-e5ea203 elementor-widget elementor-widget-image\" data-id=\"e5ea203\" data-element_type=\"widget\" data-widget_type=\"image.default\">\n\t\t\t\t<div class=\"elementor-widget-container\">\n\t\t\t\t\t\t\t\t\t\t\t\t\t\t\t<img loading=\"lazy\" decoding=\"async\" width=\"850\" height=\"476\" src=\"https:\/\/maisondelatunisie.com\/Dec2025\/wp-content\/uploads\/2022\/05\/47-01.png\" class=\"attachment-large size-large wp-image-1759\" alt=\"\" srcset=\"https:\/\/maisondelatunisie.com\/Dec2025\/wp-content\/uploads\/2022\/05\/47-01.png 850w, https:\/\/maisondelatunisie.com\/Dec2025\/wp-content\/uploads\/2022\/05\/47-01-300x168.png 300w, https:\/\/maisondelatunisie.com\/Dec2025\/wp-content\/uploads\/2022\/05\/47-01-768x430.png 768w\" sizes=\"(max-width: 850px) 100vw, 850px\" \/>\t\t\t\t\t\t\t\t\t\t\t\t\t\t\t<\/div>\n\t\t\t\t<\/div>\n\t\t\t\t\t<\/div>\n\t\t<\/div>\n\t\t\t\t\t<\/div>\n\t\t<\/section>\n\t\t\t\t<\/div>\n\t\t","protected":false},"excerpt":{"rendered":"<p>AUDITORIUM PAVILLON HABIB BOURGUIBA Un auditorium de 250 places permet \u00e0 la maison d\u2019accueillir et organiser diff\u00e9rents \u00e9v\u00e8nements, rencontres scientifiques,&hellip;<\/p>\n","protected":false},"author":1,"featured_media":0,"parent":0,"menu_order":0,"comment_status":"closed","ping_status":"closed","template":"template-parts\/template-page-builders.php","meta":{"footnotes":""},"class_list":["post-1052","page","type-page","status-publish","hentry"],"_links":{"self":[{"href":"https:\/\/maisondelatunisie.com\/Dec2025\/wp-json\/wp\/v2\/pages\/1052","targetHints":{"allow":["GET"]}}],"collection":[{"href":"https:\/\/maisondelatunisie.com\/Dec2025\/wp-json\/wp\/v2\/pages"}],"about":[{"href":"https:\/\/maisondelatunisie.com\/Dec2025\/wp-json\/wp\/v2\/types\/page"}],"author":[{"embeddable":true,"href":"https:\/\/maisondelatunisie.com\/Dec2025\/wp-json\/wp\/v2\/users\/1"}],"replies":[{"embeddable":true,"href":"https:\/\/maisondelatunisie.com\/Dec2025\/wp-json\/wp\/v2\/comments?post=1052"}],"version-history":[{"count":13,"href":"https:\/\/maisondelatunisie.com\/Dec2025\/wp-json\/wp\/v2\/pages\/1052\/revisions"}],"predecessor-version":[{"id":2710,"href":"https:\/\/maisondelatunisie.com\/Dec2025\/wp-json\/wp\/v2\/pages\/1052\/revisions\/2710"}],"wp:attachment":[{"href":"https:\/\/maisondelatunisie.com\/Dec2025\/wp-json\/wp\/v2\/media?parent=1052"}],"curies":[{"name":"wp","href":"https:\/\/api.w.org\/{rel}","templated":true}]}}