{"id":1306,"date":"2022-05-26T20:46:00","date_gmt":"2022-05-26T20:46:00","guid":{"rendered":"https:\/\/maisondelatunisie.com\/Dec2025\/?page_id=1306"},"modified":"2024-08-06T15:07:31","modified_gmt":"2024-08-06T13:07:31","slug":"la-cafeteria","status":"publish","type":"page","link":"https:\/\/maisondelatunisie.com\/Dec2025\/la-cafeteria\/","title":{"rendered":"LA CAF\u00c9T\u00c9RIA"},"content":{"rendered":"\t\t<div data-elementor-type=\"wp-page\" data-elementor-id=\"1306\" class=\"elementor elementor-1306\">\n\t\t\t\t\t\t<section class=\"elementor-section elementor-top-section elementor-element elementor-element-643ae66 elementor-section-height-min-height elementor-section-boxed elementor-section-height-default elementor-section-items-middle wpr-particle-no wpr-jarallax-no wpr-parallax-no wpr-sticky-section-no\" data-id=\"643ae66\" data-element_type=\"section\" data-settings=\"{&quot;background_background&quot;:&quot;classic&quot;}\">\n\t\t\t\t\t\t<div class=\"elementor-container elementor-column-gap-default\">\n\t\t\t\t\t<div class=\"elementor-column elementor-col-100 elementor-top-column elementor-element elementor-element-9310abc\" data-id=\"9310abc\" data-element_type=\"column\">\n\t\t\t<div class=\"elementor-widget-wrap elementor-element-populated\">\n\t\t\t\t\t\t<div class=\"elementor-element elementor-element-03bf3be elementor-widget elementor-widget-image\" data-id=\"03bf3be\" data-element_type=\"widget\" data-widget_type=\"image.default\">\n\t\t\t\t<div class=\"elementor-widget-container\">\n\t\t\t\t\t\t\t\t\t\t\t\t\t\t\t<img fetchpriority=\"high\" decoding=\"async\" width=\"1200\" height=\"300\" src=\"https:\/\/maisondelatunisie.com\/Dec2025\/wp-content\/uploads\/2024\/08\/banniere5.jpg\" class=\"attachment-1536x1536 size-1536x1536 wp-image-4487\" alt=\"\" srcset=\"https:\/\/maisondelatunisie.com\/Dec2025\/wp-content\/uploads\/2024\/08\/banniere5.jpg 1200w, https:\/\/maisondelatunisie.com\/Dec2025\/wp-content\/uploads\/2024\/08\/banniere5-300x75.jpg 300w, https:\/\/maisondelatunisie.com\/Dec2025\/wp-content\/uploads\/2024\/08\/banniere5-1024x256.jpg 1024w, https:\/\/maisondelatunisie.com\/Dec2025\/wp-content\/uploads\/2024\/08\/banniere5-768x192.jpg 768w\" sizes=\"(max-width: 1200px) 100vw, 1200px\" \/>\t\t\t\t\t\t\t\t\t\t\t\t\t\t\t<\/div>\n\t\t\t\t<\/div>\n\t\t\t\t\t<\/div>\n\t\t<\/div>\n\t\t\t\t\t<\/div>\n\t\t<\/section>\n\t\t\t\t<section class=\"elementor-section elementor-top-section elementor-element elementor-element-c5e3334 elementor-section-boxed elementor-section-height-default elementor-section-height-default wpr-particle-no wpr-jarallax-no wpr-parallax-no wpr-sticky-section-no\" data-id=\"c5e3334\" data-element_type=\"section\">\n\t\t\t\t\t\t<div class=\"elementor-container elementor-column-gap-default\">\n\t\t\t\t\t<div class=\"elementor-column elementor-col-100 elementor-top-column elementor-element elementor-element-0599241\" data-id=\"0599241\" data-element_type=\"column\">\n\t\t\t<div class=\"elementor-widget-wrap elementor-element-populated\">\n\t\t\t\t\t\t<div class=\"elementor-element elementor-element-53384f2 elementor-widget elementor-widget-heading\" data-id=\"53384f2\" data-element_type=\"widget\" data-widget_type=\"heading.default\">\n\t\t\t\t<div class=\"elementor-widget-container\">\n\t\t\t\t\t<h2 class=\"elementor-heading-title elementor-size-default\">Espaces communs<\/h2>\t\t\t\t<\/div>\n\t\t\t\t<\/div>\n\t\t\t\t\t<\/div>\n\t\t<\/div>\n\t\t\t\t\t<\/div>\n\t\t<\/section>\n\t\t\t\t<section class=\"elementor-section elementor-top-section elementor-element elementor-element-132a94b elementor-section-boxed elementor-section-height-default elementor-section-height-default wpr-particle-no wpr-jarallax-no wpr-parallax-no wpr-sticky-section-no\" data-id=\"132a94b\" data-element_type=\"section\">\n\t\t\t\t\t\t<div class=\"elementor-container elementor-column-gap-default\">\n\t\t\t\t\t<div class=\"elementor-column elementor-col-33 elementor-top-column elementor-element elementor-element-52e2a56\" data-id=\"52e2a56\" data-element_type=\"column\">\n\t\t\t<div class=\"elementor-widget-wrap elementor-element-populated\">\n\t\t\t\t\t\t<div class=\"elementor-element elementor-element-beb9aa9 elementor-widget elementor-widget-text-editor\" data-id=\"beb9aa9\" data-element_type=\"widget\" data-widget_type=\"text-editor.default\">\n\t\t\t\t<div class=\"elementor-widget-container\">\n\t\t\t\t\t\t\t\t\t<p><b>LA CAF\u00c9T\u00c9RIA ET SALLE TV DU PAVILLON IBN KHALDOUN<\/b><\/p><p><span style=\"font-weight: 400;\">\u00a0<\/span><span style=\"font-weight: 400;\"><br \/><\/span><span style=\"font-weight: 400;\">La caf\u00e9t\u00e9ria est situ\u00e9e \u00e0 l\u2019espace r\u00e9sident. C\u2019est l\u2019endroit id\u00e9al pour les r\u00e9sidents pour passer les soir\u00e9es en toute convivialit\u00e9, en improvisant des minis concerts de musique ou en regardant la t\u00e9l\u00e9vision mise \u00e0 leur disposition tout en partageant une bonne boisson.<\/span><\/p><p><span style=\"font-weight: 400;\">Elle sert aussi de point de rencontre des r\u00e9sidents pour les brunch du dimanche matin organis\u00e9s par le comit\u00e9.<\/span><\/p>\t\t\t\t\t\t\t\t<\/div>\n\t\t\t\t<\/div>\n\t\t\t\t\t<\/div>\n\t\t<\/div>\n\t\t\t\t<div class=\"elementor-column elementor-col-33 elementor-top-column elementor-element elementor-element-54678a5\" data-id=\"54678a5\" data-element_type=\"column\">\n\t\t\t<div class=\"elementor-widget-wrap elementor-element-populated\">\n\t\t\t\t\t\t<div class=\"elementor-element elementor-element-11e4626 elementor-widget elementor-widget-image\" data-id=\"11e4626\" data-element_type=\"widget\" data-widget_type=\"image.default\">\n\t\t\t\t<div class=\"elementor-widget-container\">\n\t\t\t\t\t\t\t\t\t\t\t\t\t\t\t<img decoding=\"async\" width=\"1024\" height=\"768\" src=\"https:\/\/maisondelatunisie.com\/Dec2025\/wp-content\/uploads\/2022\/05\/16-01-1024x768.jpg\" class=\"attachment-large size-large wp-image-1309\" alt=\"\" srcset=\"https:\/\/maisondelatunisie.com\/Dec2025\/wp-content\/uploads\/2022\/05\/16-01-1024x768.jpg 1024w, https:\/\/maisondelatunisie.com\/Dec2025\/wp-content\/uploads\/2022\/05\/16-01-300x225.jpg 300w, https:\/\/maisondelatunisie.com\/Dec2025\/wp-content\/uploads\/2022\/05\/16-01-768x576.jpg 768w, https:\/\/maisondelatunisie.com\/Dec2025\/wp-content\/uploads\/2022\/05\/16-01-1536x1152.jpg 1536w, https:\/\/maisondelatunisie.com\/Dec2025\/wp-content\/uploads\/2022\/05\/16-01.jpg 1600w\" sizes=\"(max-width: 1024px) 100vw, 1024px\" \/>\t\t\t\t\t\t\t\t\t\t\t\t\t\t\t<\/div>\n\t\t\t\t<\/div>\n\t\t\t\t<div class=\"elementor-element elementor-element-2567f84 elementor-widget elementor-widget-image\" data-id=\"2567f84\" data-element_type=\"widget\" data-widget_type=\"image.default\">\n\t\t\t\t<div class=\"elementor-widget-container\">\n\t\t\t\t\t\t\t\t\t\t\t\t\t\t\t<img decoding=\"async\" width=\"1024\" height=\"768\" src=\"https:\/\/maisondelatunisie.com\/Dec2025\/wp-content\/uploads\/2022\/05\/16-02-1024x768.jpg\" class=\"attachment-large size-large wp-image-1310\" alt=\"\" srcset=\"https:\/\/maisondelatunisie.com\/Dec2025\/wp-content\/uploads\/2022\/05\/16-02-1024x768.jpg 1024w, https:\/\/maisondelatunisie.com\/Dec2025\/wp-content\/uploads\/2022\/05\/16-02-300x225.jpg 300w, https:\/\/maisondelatunisie.com\/Dec2025\/wp-content\/uploads\/2022\/05\/16-02-768x576.jpg 768w, https:\/\/maisondelatunisie.com\/Dec2025\/wp-content\/uploads\/2022\/05\/16-02-1536x1152.jpg 1536w, https:\/\/maisondelatunisie.com\/Dec2025\/wp-content\/uploads\/2022\/05\/16-02.jpg 1600w\" sizes=\"(max-width: 1024px) 100vw, 1024px\" \/>\t\t\t\t\t\t\t\t\t\t\t\t\t\t\t<\/div>\n\t\t\t\t<\/div>\n\t\t\t\t\t<\/div>\n\t\t<\/div>\n\t\t\t\t<div class=\"elementor-column elementor-col-33 elementor-top-column elementor-element elementor-element-bd89b97\" data-id=\"bd89b97\" data-element_type=\"column\">\n\t\t\t<div class=\"elementor-widget-wrap elementor-element-populated\">\n\t\t\t\t\t\t<div class=\"elementor-element elementor-element-0ec5546 elementor-widget elementor-widget-image\" data-id=\"0ec5546\" data-element_type=\"widget\" data-widget_type=\"image.default\">\n\t\t\t\t<div class=\"elementor-widget-container\">\n\t\t\t\t\t\t\t\t\t\t\t\t\t\t\t<img loading=\"lazy\" decoding=\"async\" width=\"1024\" height=\"768\" src=\"https:\/\/maisondelatunisie.com\/Dec2025\/wp-content\/uploads\/2022\/05\/16-03-1024x768.jpg\" class=\"attachment-large size-large wp-image-1311\" alt=\"\" srcset=\"https:\/\/maisondelatunisie.com\/Dec2025\/wp-content\/uploads\/2022\/05\/16-03-1024x768.jpg 1024w, https:\/\/maisondelatunisie.com\/Dec2025\/wp-content\/uploads\/2022\/05\/16-03-300x225.jpg 300w, https:\/\/maisondelatunisie.com\/Dec2025\/wp-content\/uploads\/2022\/05\/16-03-768x576.jpg 768w, https:\/\/maisondelatunisie.com\/Dec2025\/wp-content\/uploads\/2022\/05\/16-03-1536x1152.jpg 1536w, https:\/\/maisondelatunisie.com\/Dec2025\/wp-content\/uploads\/2022\/05\/16-03.jpg 1600w\" sizes=\"(max-width: 1024px) 100vw, 1024px\" \/>\t\t\t\t\t\t\t\t\t\t\t\t\t\t\t<\/div>\n\t\t\t\t<\/div>\n\t\t\t\t<div class=\"elementor-element elementor-element-bd50db8 elementor-widget elementor-widget-image\" data-id=\"bd50db8\" data-element_type=\"widget\" data-widget_type=\"image.default\">\n\t\t\t\t<div class=\"elementor-widget-container\">\n\t\t\t\t\t\t\t\t\t\t\t\t\t\t\t<img loading=\"lazy\" decoding=\"async\" width=\"1024\" height=\"768\" src=\"https:\/\/maisondelatunisie.com\/Dec2025\/wp-content\/uploads\/2022\/05\/16-04-1024x768.jpg\" class=\"attachment-large size-large wp-image-1312\" alt=\"\" srcset=\"https:\/\/maisondelatunisie.com\/Dec2025\/wp-content\/uploads\/2022\/05\/16-04-1024x768.jpg 1024w, https:\/\/maisondelatunisie.com\/Dec2025\/wp-content\/uploads\/2022\/05\/16-04-300x225.jpg 300w, https:\/\/maisondelatunisie.com\/Dec2025\/wp-content\/uploads\/2022\/05\/16-04-768x576.jpg 768w, https:\/\/maisondelatunisie.com\/Dec2025\/wp-content\/uploads\/2022\/05\/16-04-1536x1152.jpg 1536w, https:\/\/maisondelatunisie.com\/Dec2025\/wp-content\/uploads\/2022\/05\/16-04.jpg 1600w\" sizes=\"(max-width: 1024px) 100vw, 1024px\" \/>\t\t\t\t\t\t\t\t\t\t\t\t\t\t\t<\/div>\n\t\t\t\t<\/div>\n\t\t\t\t\t<\/div>\n\t\t<\/div>\n\t\t\t\t\t<\/div>\n\t\t<\/section>\n\t\t\t\t<\/div>\n\t\t","protected":false},"excerpt":{"rendered":"<p>Espaces communs LA CAF\u00c9T\u00c9RIA ET SALLE TV DU PAVILLON IBN KHALDOUN \u00a0La caf\u00e9t\u00e9ria est situ\u00e9e \u00e0 l\u2019espace r\u00e9sident. C\u2019est l\u2019endroit&hellip;<\/p>\n","protected":false},"author":1,"featured_media":0,"parent":0,"menu_order":0,"comment_status":"closed","ping_status":"closed","template":"template-parts\/template-page-builders.php","meta":{"footnotes":""},"class_list":["post-1306","page","type-page","status-publish","hentry"],"_links":{"self":[{"href":"https:\/\/maisondelatunisie.com\/Dec2025\/wp-json\/wp\/v2\/pages\/1306","targetHints":{"allow":["GET"]}}],"collection":[{"href":"https:\/\/maisondelatunisie.com\/Dec2025\/wp-json\/wp\/v2\/pages"}],"about":[{"href":"https:\/\/maisondelatunisie.com\/Dec2025\/wp-json\/wp\/v2\/types\/page"}],"author":[{"embeddable":true,"href":"https:\/\/maisondelatunisie.com\/Dec2025\/wp-json\/wp\/v2\/users\/1"}],"replies":[{"embeddable":true,"href":"https:\/\/maisondelatunisie.com\/Dec2025\/wp-json\/wp\/v2\/comments?post=1306"}],"version-history":[{"count":17,"href":"https:\/\/maisondelatunisie.com\/Dec2025\/wp-json\/wp\/v2\/pages\/1306\/revisions"}],"predecessor-version":[{"id":4490,"href":"https:\/\/maisondelatunisie.com\/Dec2025\/wp-json\/wp\/v2\/pages\/1306\/revisions\/4490"}],"wp:attachment":[{"href":"https:\/\/maisondelatunisie.com\/Dec2025\/wp-json\/wp\/v2\/media?parent=1306"}],"curies":[{"name":"wp","href":"https:\/\/api.w.org\/{rel}","templated":true}]}}