{"id":1327,"date":"2022-05-26T22:00:41","date_gmt":"2022-05-26T22:00:41","guid":{"rendered":"https:\/\/maisondelatunisie.com\/Dec2025\/?page_id=1327"},"modified":"2022-06-15T03:23:13","modified_gmt":"2022-06-15T03:23:13","slug":"le-hall-du-pavillon-bourguiba","status":"publish","type":"page","link":"https:\/\/maisondelatunisie.com\/Dec2025\/le-hall-du-pavillon-bourguiba\/","title":{"rendered":"LE HALL DU PAVILLON BOURGUIBA"},"content":{"rendered":"\t\t<div data-elementor-type=\"wp-page\" data-elementor-id=\"1327\" class=\"elementor elementor-1327\">\n\t\t\t\t\t\t<section class=\"elementor-section elementor-top-section elementor-element elementor-element-9e4d46b elementor-section-height-min-height elementor-section-boxed elementor-section-height-default elementor-section-items-middle wpr-particle-no wpr-jarallax-no wpr-parallax-no wpr-sticky-section-no\" data-id=\"9e4d46b\" data-element_type=\"section\" data-settings=\"{&quot;background_background&quot;:&quot;classic&quot;}\">\n\t\t\t\t\t\t<div class=\"elementor-container elementor-column-gap-default\">\n\t\t\t\t\t<div class=\"elementor-column elementor-col-100 elementor-top-column elementor-element elementor-element-3139b16\" data-id=\"3139b16\" data-element_type=\"column\">\n\t\t\t<div class=\"elementor-widget-wrap elementor-element-populated\">\n\t\t\t\t\t\t<div class=\"elementor-element elementor-element-74279bb elementor-widget elementor-widget-image\" data-id=\"74279bb\" data-element_type=\"widget\" data-widget_type=\"image.default\">\n\t\t\t\t<div class=\"elementor-widget-container\">\n\t\t\t\t\t\t\t\t\t\t\t\t\t\t\t<img fetchpriority=\"high\" decoding=\"async\" width=\"1200\" height=\"300\" src=\"https:\/\/maisondelatunisie.com\/Dec2025\/wp-content\/uploads\/2022\/05\/banniere-copy.jpg\" class=\"attachment-1536x1536 size-1536x1536 wp-image-1607\" alt=\"\" \/>\t\t\t\t\t\t\t\t\t\t\t\t\t\t\t<\/div>\n\t\t\t\t<\/div>\n\t\t\t\t\t<\/div>\n\t\t<\/div>\n\t\t\t\t\t<\/div>\n\t\t<\/section>\n\t\t\t\t<section class=\"elementor-section elementor-top-section elementor-element elementor-element-40ba383 elementor-section-boxed elementor-section-height-default elementor-section-height-default wpr-particle-no wpr-jarallax-no wpr-parallax-no wpr-sticky-section-no\" data-id=\"40ba383\" data-element_type=\"section\">\n\t\t\t\t\t\t<div class=\"elementor-container elementor-column-gap-default\">\n\t\t\t\t\t<div class=\"elementor-column elementor-col-100 elementor-top-column elementor-element elementor-element-7edec0a\" data-id=\"7edec0a\" data-element_type=\"column\">\n\t\t\t<div class=\"elementor-widget-wrap elementor-element-populated\">\n\t\t\t\t\t\t<div class=\"elementor-element elementor-element-a09cf33 elementor-widget elementor-widget-heading\" data-id=\"a09cf33\" data-element_type=\"widget\" data-widget_type=\"heading.default\">\n\t\t\t\t<div class=\"elementor-widget-container\">\n\t\t\t\t\t<h2 class=\"elementor-heading-title elementor-size-default\">Espaces communs<\/h2>\t\t\t\t<\/div>\n\t\t\t\t<\/div>\n\t\t\t\t\t<\/div>\n\t\t<\/div>\n\t\t\t\t\t<\/div>\n\t\t<\/section>\n\t\t\t\t<section class=\"elementor-section elementor-top-section elementor-element elementor-element-28baade elementor-section-boxed elementor-section-height-default elementor-section-height-default wpr-particle-no wpr-jarallax-no wpr-parallax-no wpr-sticky-section-no\" data-id=\"28baade\" data-element_type=\"section\">\n\t\t\t\t\t\t<div class=\"elementor-container elementor-column-gap-default\">\n\t\t\t\t\t<div class=\"elementor-column elementor-col-33 elementor-top-column elementor-element elementor-element-5778aa7\" data-id=\"5778aa7\" data-element_type=\"column\">\n\t\t\t<div class=\"elementor-widget-wrap elementor-element-populated\">\n\t\t\t\t\t\t<div class=\"elementor-element elementor-element-21bcc66 elementor-widget elementor-widget-text-editor\" data-id=\"21bcc66\" data-element_type=\"widget\" data-widget_type=\"text-editor.default\">\n\t\t\t\t<div class=\"elementor-widget-container\">\n\t\t\t\t\t\t\t\t\t<p><b>LE HALL DU PAVILLON BOURGUIBA<\/b><\/p><p><span style=\"font-weight: 400;\"><br \/><\/span><span style=\"font-weight: 400;\">Le hall se transforme occasionnellement en lieu de r\u00e9ception, de vernissage, d\u2019exposition ou de f\u00eate en utilisant en m\u00eame temps l\u2019auditorium, le salon de th\u00e9, la salle d&rsquo;\u00e9tude et le jardin privatif c\u00f4t\u00e9 sud.<\/span><\/p>\t\t\t\t\t\t\t\t<\/div>\n\t\t\t\t<\/div>\n\t\t\t\t<div class=\"elementor-element elementor-element-afa8cea elementor-widget elementor-widget-image\" data-id=\"afa8cea\" data-element_type=\"widget\" data-widget_type=\"image.default\">\n\t\t\t\t<div class=\"elementor-widget-container\">\n\t\t\t\t\t\t\t\t\t\t\t\t\t\t\t<img decoding=\"async\" width=\"1024\" height=\"576\" src=\"https:\/\/maisondelatunisie.com\/Dec2025\/wp-content\/uploads\/2022\/05\/18-01-1024x576.jpg\" class=\"attachment-large size-large wp-image-1330\" alt=\"\" srcset=\"https:\/\/maisondelatunisie.com\/Dec2025\/wp-content\/uploads\/2022\/05\/18-01-1024x576.jpg 1024w, https:\/\/maisondelatunisie.com\/Dec2025\/wp-content\/uploads\/2022\/05\/18-01-300x169.jpg 300w, https:\/\/maisondelatunisie.com\/Dec2025\/wp-content\/uploads\/2022\/05\/18-01-768x432.jpg 768w, https:\/\/maisondelatunisie.com\/Dec2025\/wp-content\/uploads\/2022\/05\/18-01-1536x864.jpg 1536w, https:\/\/maisondelatunisie.com\/Dec2025\/wp-content\/uploads\/2022\/05\/18-01-1140x641.jpg 1140w, https:\/\/maisondelatunisie.com\/Dec2025\/wp-content\/uploads\/2022\/05\/18-01-720x405.jpg 720w, https:\/\/maisondelatunisie.com\/Dec2025\/wp-content\/uploads\/2022\/05\/18-01.jpg 1600w\" sizes=\"(max-width: 1024px) 100vw, 1024px\" \/>\t\t\t\t\t\t\t\t\t\t\t\t\t\t\t<\/div>\n\t\t\t\t<\/div>\n\t\t\t\t\t<\/div>\n\t\t<\/div>\n\t\t\t\t<div class=\"elementor-column elementor-col-33 elementor-top-column elementor-element elementor-element-07cfcda\" data-id=\"07cfcda\" data-element_type=\"column\">\n\t\t\t<div class=\"elementor-widget-wrap elementor-element-populated\">\n\t\t\t\t\t\t<div class=\"elementor-element elementor-element-9372782 elementor-widget elementor-widget-text-editor\" data-id=\"9372782\" data-element_type=\"widget\" data-widget_type=\"text-editor.default\">\n\t\t\t\t<div class=\"elementor-widget-container\">\n\t\t\t\t\t\t\t\t\t<p><img decoding=\"async\" class=\"size-medium wp-image-1331 alignright\" src=\"https:\/\/maisondelatunisie.com\/Dec2025\/wp-content\/uploads\/2022\/05\/18-02-200x300.jpg\" alt=\"\" width=\"200\" height=\"300\" srcset=\"https:\/\/maisondelatunisie.com\/Dec2025\/wp-content\/uploads\/2022\/05\/18-02-200x300.jpg 200w, https:\/\/maisondelatunisie.com\/Dec2025\/wp-content\/uploads\/2022\/05\/18-02-681x1024.jpg 681w, https:\/\/maisondelatunisie.com\/Dec2025\/wp-content\/uploads\/2022\/05\/18-02-768x1155.jpg 768w, https:\/\/maisondelatunisie.com\/Dec2025\/wp-content\/uploads\/2022\/05\/18-02-1021x1536.jpg 1021w, https:\/\/maisondelatunisie.com\/Dec2025\/wp-content\/uploads\/2022\/05\/18-02.jpg 1064w\" sizes=\"(max-width: 200px) 100vw, 200px\" \/><\/p><p><b>LA TERRASSE DU PAVILLON IBN KHALDOUN\u00a0<\/b><\/p><p><span style=\"font-weight: 400;\">La maison est dot\u00e9e d\u2019une terrasse qui peut accueillir jusqu\u2019\u00e0 600 personnes (300 personnes pour un repas assis). Id\u00e9ale pour des manifestations en plein air.<\/span><\/p>\t\t\t\t\t\t\t\t<\/div>\n\t\t\t\t<\/div>\n\t\t\t\t<div class=\"elementor-element elementor-element-7c5348c elementor-widget elementor-widget-image\" data-id=\"7c5348c\" data-element_type=\"widget\" data-widget_type=\"image.default\">\n\t\t\t\t<div class=\"elementor-widget-container\">\n\t\t\t\t\t\t\t\t\t\t\t\t\t\t\t<img loading=\"lazy\" decoding=\"async\" width=\"1024\" height=\"681\" src=\"https:\/\/maisondelatunisie.com\/Dec2025\/wp-content\/uploads\/2022\/05\/18-03-1024x681.jpg\" class=\"attachment-large size-large wp-image-1332\" alt=\"\" srcset=\"https:\/\/maisondelatunisie.com\/Dec2025\/wp-content\/uploads\/2022\/05\/18-03-1024x681.jpg 1024w, https:\/\/maisondelatunisie.com\/Dec2025\/wp-content\/uploads\/2022\/05\/18-03-300x200.jpg 300w, https:\/\/maisondelatunisie.com\/Dec2025\/wp-content\/uploads\/2022\/05\/18-03-768x511.jpg 768w, https:\/\/maisondelatunisie.com\/Dec2025\/wp-content\/uploads\/2022\/05\/18-03-1536x1021.jpg 1536w, https:\/\/maisondelatunisie.com\/Dec2025\/wp-content\/uploads\/2022\/05\/18-03.jpg 1600w\" sizes=\"(max-width: 1024px) 100vw, 1024px\" \/>\t\t\t\t\t\t\t\t\t\t\t\t\t\t\t<\/div>\n\t\t\t\t<\/div>\n\t\t\t\t\t<\/div>\n\t\t<\/div>\n\t\t\t\t<div class=\"elementor-column elementor-col-33 elementor-top-column elementor-element elementor-element-83ca1da\" data-id=\"83ca1da\" data-element_type=\"column\">\n\t\t\t<div class=\"elementor-widget-wrap elementor-element-populated\">\n\t\t\t\t\t\t<div class=\"elementor-element elementor-element-cc598f4 elementor-widget elementor-widget-text-editor\" data-id=\"cc598f4\" data-element_type=\"widget\" data-widget_type=\"text-editor.default\">\n\t\t\t\t<div class=\"elementor-widget-container\">\n\t\t\t\t\t\t\t\t\t<p><b>LA SALLE DE SPORT DU PAVILLON IBN KHALDOUN\u00a0<\/b><\/p><p><span style=\"font-weight: 400;\">La salle de sport situ\u00e9e \u00e0 l\u2019espace r\u00e9sidents est exclusivement ouverte aux r\u00e9sidents. Pour y acc\u00e9der, le r\u00e9sident est tenu de signer la charte de bonne utilisation de la salle de sport.<\/span><\/p>\t\t\t\t\t\t\t\t<\/div>\n\t\t\t\t<\/div>\n\t\t\t\t<div class=\"elementor-element elementor-element-079f93f elementor-widget elementor-widget-image\" data-id=\"079f93f\" data-element_type=\"widget\" data-widget_type=\"image.default\">\n\t\t\t\t<div class=\"elementor-widget-container\">\n\t\t\t\t\t\t\t\t\t\t\t\t\t\t\t<img loading=\"lazy\" decoding=\"async\" width=\"1024\" height=\"768\" src=\"https:\/\/maisondelatunisie.com\/Dec2025\/wp-content\/uploads\/2022\/05\/18-04-1024x768.jpg\" class=\"attachment-large size-large wp-image-1333\" alt=\"\" srcset=\"https:\/\/maisondelatunisie.com\/Dec2025\/wp-content\/uploads\/2022\/05\/18-04-1024x768.jpg 1024w, https:\/\/maisondelatunisie.com\/Dec2025\/wp-content\/uploads\/2022\/05\/18-04-300x225.jpg 300w, https:\/\/maisondelatunisie.com\/Dec2025\/wp-content\/uploads\/2022\/05\/18-04-768x576.jpg 768w, https:\/\/maisondelatunisie.com\/Dec2025\/wp-content\/uploads\/2022\/05\/18-04-1536x1152.jpg 1536w, https:\/\/maisondelatunisie.com\/Dec2025\/wp-content\/uploads\/2022\/05\/18-04.jpg 1600w\" sizes=\"(max-width: 1024px) 100vw, 1024px\" \/>\t\t\t\t\t\t\t\t\t\t\t\t\t\t\t<\/div>\n\t\t\t\t<\/div>\n\t\t\t\t<div class=\"elementor-element elementor-element-a4796ff elementor-widget elementor-widget-image\" data-id=\"a4796ff\" data-element_type=\"widget\" data-widget_type=\"image.default\">\n\t\t\t\t<div class=\"elementor-widget-container\">\n\t\t\t\t\t\t\t\t\t\t\t\t\t\t\t<img loading=\"lazy\" decoding=\"async\" width=\"1024\" height=\"768\" src=\"https:\/\/maisondelatunisie.com\/Dec2025\/wp-content\/uploads\/2022\/05\/18-05-1024x768.jpg\" class=\"attachment-large size-large wp-image-1334\" alt=\"\" srcset=\"https:\/\/maisondelatunisie.com\/Dec2025\/wp-content\/uploads\/2022\/05\/18-05-1024x768.jpg 1024w, https:\/\/maisondelatunisie.com\/Dec2025\/wp-content\/uploads\/2022\/05\/18-05-300x225.jpg 300w, https:\/\/maisondelatunisie.com\/Dec2025\/wp-content\/uploads\/2022\/05\/18-05-768x576.jpg 768w, https:\/\/maisondelatunisie.com\/Dec2025\/wp-content\/uploads\/2022\/05\/18-05-1536x1152.jpg 1536w, https:\/\/maisondelatunisie.com\/Dec2025\/wp-content\/uploads\/2022\/05\/18-05.jpg 1600w\" sizes=\"(max-width: 1024px) 100vw, 1024px\" \/>\t\t\t\t\t\t\t\t\t\t\t\t\t\t\t<\/div>\n\t\t\t\t<\/div>\n\t\t\t\t\t<\/div>\n\t\t<\/div>\n\t\t\t\t\t<\/div>\n\t\t<\/section>\n\t\t\t\t<\/div>\n\t\t","protected":false},"excerpt":{"rendered":"<p>Espaces communs LE HALL DU PAVILLON BOURGUIBA Le hall se transforme occasionnellement en lieu de r\u00e9ception, de vernissage, d\u2019exposition ou&hellip;<\/p>\n","protected":false},"author":1,"featured_media":0,"parent":0,"menu_order":0,"comment_status":"closed","ping_status":"closed","template":"template-parts\/template-page-builders.php","meta":{"footnotes":""},"class_list":["post-1327","page","type-page","status-publish","hentry"],"_links":{"self":[{"href":"https:\/\/maisondelatunisie.com\/Dec2025\/wp-json\/wp\/v2\/pages\/1327","targetHints":{"allow":["GET"]}}],"collection":[{"href":"https:\/\/maisondelatunisie.com\/Dec2025\/wp-json\/wp\/v2\/pages"}],"about":[{"href":"https:\/\/maisondelatunisie.com\/Dec2025\/wp-json\/wp\/v2\/types\/page"}],"author":[{"embeddable":true,"href":"https:\/\/maisondelatunisie.com\/Dec2025\/wp-json\/wp\/v2\/users\/1"}],"replies":[{"embeddable":true,"href":"https:\/\/maisondelatunisie.com\/Dec2025\/wp-json\/wp\/v2\/comments?post=1327"}],"version-history":[{"count":13,"href":"https:\/\/maisondelatunisie.com\/Dec2025\/wp-json\/wp\/v2\/pages\/1327\/revisions"}],"predecessor-version":[{"id":2737,"href":"https:\/\/maisondelatunisie.com\/Dec2025\/wp-json\/wp\/v2\/pages\/1327\/revisions\/2737"}],"wp:attachment":[{"href":"https:\/\/maisondelatunisie.com\/Dec2025\/wp-json\/wp\/v2\/media?parent=1327"}],"curies":[{"name":"wp","href":"https:\/\/api.w.org\/{rel}","templated":true}]}}