{"id":1425,"date":"2022-05-27T00:44:49","date_gmt":"2022-05-27T00:44:49","guid":{"rendered":"https:\/\/maisondelatunisie.com\/Dec2025\/?page_id=1425"},"modified":"2022-06-15T03:00:14","modified_gmt":"2022-06-15T03:00:14","slug":"pavillon-ibn-khaldoun","status":"publish","type":"page","link":"https:\/\/maisondelatunisie.com\/Dec2025\/pavillon-ibn-khaldoun\/","title":{"rendered":"Pavillon Ibn Khaldoun"},"content":{"rendered":"\t\t<div data-elementor-type=\"wp-page\" data-elementor-id=\"1425\" class=\"elementor elementor-1425\">\n\t\t\t\t\t\t<section class=\"elementor-section elementor-top-section elementor-element elementor-element-db7dc3f elementor-section-height-min-height elementor-section-boxed elementor-section-height-default elementor-section-items-middle wpr-particle-no wpr-jarallax-no wpr-parallax-no wpr-sticky-section-no\" data-id=\"db7dc3f\" data-element_type=\"section\" data-settings=\"{&quot;background_background&quot;:&quot;classic&quot;}\">\n\t\t\t\t\t\t<div class=\"elementor-container elementor-column-gap-default\">\n\t\t\t\t\t<div class=\"elementor-column elementor-col-100 elementor-top-column elementor-element elementor-element-e65db74\" data-id=\"e65db74\" data-element_type=\"column\">\n\t\t\t<div class=\"elementor-widget-wrap elementor-element-populated\">\n\t\t\t\t\t\t<div class=\"elementor-element elementor-element-50c700d elementor-widget elementor-widget-image\" data-id=\"50c700d\" data-element_type=\"widget\" data-widget_type=\"image.default\">\n\t\t\t\t<div class=\"elementor-widget-container\">\n\t\t\t\t\t\t\t\t\t\t\t\t\t\t\t<img fetchpriority=\"high\" decoding=\"async\" width=\"1200\" height=\"300\" src=\"https:\/\/maisondelatunisie.com\/Dec2025\/wp-content\/uploads\/2022\/05\/banniere-copy.jpg\" class=\"attachment-1536x1536 size-1536x1536 wp-image-1607\" alt=\"\" \/>\t\t\t\t\t\t\t\t\t\t\t\t\t\t\t<\/div>\n\t\t\t\t<\/div>\n\t\t\t\t\t<\/div>\n\t\t<\/div>\n\t\t\t\t\t<\/div>\n\t\t<\/section>\n\t\t\t\t<section class=\"elementor-section elementor-top-section elementor-element elementor-element-78392d5 elementor-section-boxed elementor-section-height-default elementor-section-height-default wpr-particle-no wpr-jarallax-no wpr-parallax-no wpr-sticky-section-no\" data-id=\"78392d5\" data-element_type=\"section\">\n\t\t\t\t\t\t<div class=\"elementor-container elementor-column-gap-default\">\n\t\t\t\t\t<div class=\"elementor-column elementor-col-100 elementor-top-column elementor-element elementor-element-95ba7e7\" data-id=\"95ba7e7\" data-element_type=\"column\">\n\t\t\t<div class=\"elementor-widget-wrap elementor-element-populated\">\n\t\t\t\t\t\t<div class=\"elementor-element elementor-element-d39d487 elementor-widget elementor-widget-heading\" data-id=\"d39d487\" data-element_type=\"widget\" data-widget_type=\"heading.default\">\n\t\t\t\t<div class=\"elementor-widget-container\">\n\t\t\t\t\t<h2 class=\"elementor-heading-title elementor-size-default\">Pavillon Ibn Khaldoun<\/h2>\t\t\t\t<\/div>\n\t\t\t\t<\/div>\n\t\t\t\t\t<\/div>\n\t\t<\/div>\n\t\t\t\t\t<\/div>\n\t\t<\/section>\n\t\t\t\t<section class=\"elementor-section elementor-top-section elementor-element elementor-element-e34d475 elementor-section-boxed elementor-section-height-default elementor-section-height-default wpr-particle-no wpr-jarallax-no wpr-parallax-no wpr-sticky-section-no\" data-id=\"e34d475\" data-element_type=\"section\">\n\t\t\t\t\t\t<div class=\"elementor-container elementor-column-gap-default\">\n\t\t\t\t\t<div class=\"elementor-column elementor-col-50 elementor-top-column elementor-element elementor-element-e9c6ef5\" data-id=\"e9c6ef5\" data-element_type=\"column\">\n\t\t\t<div class=\"elementor-widget-wrap elementor-element-populated\">\n\t\t\t\t\t\t<div class=\"elementor-element elementor-element-1f5a26d elementor-widget elementor-widget-image\" data-id=\"1f5a26d\" data-element_type=\"widget\" data-widget_type=\"image.default\">\n\t\t\t\t<div class=\"elementor-widget-container\">\n\t\t\t\t\t\t\t\t\t\t\t\t\t\t\t<img decoding=\"async\" width=\"500\" height=\"286\" src=\"https:\/\/maisondelatunisie.com\/Dec2025\/wp-content\/uploads\/2022\/05\/pavillon-ibn-khaldoun.jpg\" class=\"attachment-large size-large wp-image-1187\" alt=\"\" srcset=\"https:\/\/maisondelatunisie.com\/Dec2025\/wp-content\/uploads\/2022\/05\/pavillon-ibn-khaldoun.jpg 500w, https:\/\/maisondelatunisie.com\/Dec2025\/wp-content\/uploads\/2022\/05\/pavillon-ibn-khaldoun-300x172.jpg 300w\" sizes=\"(max-width: 500px) 100vw, 500px\" \/>\t\t\t\t\t\t\t\t\t\t\t\t\t\t\t<\/div>\n\t\t\t\t<\/div>\n\t\t\t\t\t<\/div>\n\t\t<\/div>\n\t\t\t\t<div class=\"elementor-column elementor-col-50 elementor-top-column elementor-element elementor-element-eb5e972\" data-id=\"eb5e972\" data-element_type=\"column\">\n\t\t\t<div class=\"elementor-widget-wrap elementor-element-populated\">\n\t\t\t\t\t\t<div class=\"elementor-element elementor-element-1cdfc34 elementor-widget elementor-widget-image\" data-id=\"1cdfc34\" data-element_type=\"widget\" data-widget_type=\"image.default\">\n\t\t\t\t<div class=\"elementor-widget-container\">\n\t\t\t\t\t\t\t\t\t\t\t\t\t\t\t<img decoding=\"async\" src=\"https:\/\/maisondelatunisie.com\/Dec2025\/wp-content\/uploads\/elementor\/thumbs\/ibn-khaldoun-rg1k15fumkcci76n20pkzrkzi2xf38djrksrm6evxc.jpg\" title=\"ibn khaldoun\" alt=\"ibn khaldoun\" loading=\"lazy\" \/>\t\t\t\t\t\t\t\t\t\t\t\t\t\t\t<\/div>\n\t\t\t\t<\/div>\n\t\t\t\t\t<\/div>\n\t\t<\/div>\n\t\t\t\t\t<\/div>\n\t\t<\/section>\n\t\t\t\t<section class=\"elementor-section elementor-top-section elementor-element elementor-element-94dca09 elementor-section-boxed elementor-section-height-default elementor-section-height-default wpr-particle-no wpr-jarallax-no wpr-parallax-no wpr-sticky-section-no\" data-id=\"94dca09\" data-element_type=\"section\">\n\t\t\t\t\t\t<div class=\"elementor-container elementor-column-gap-default\">\n\t\t\t\t\t<div class=\"elementor-column elementor-col-100 elementor-top-column elementor-element elementor-element-fa9d8ea\" data-id=\"fa9d8ea\" data-element_type=\"column\">\n\t\t\t<div class=\"elementor-widget-wrap elementor-element-populated\">\n\t\t\t\t\t\t<div class=\"elementor-element elementor-element-2c1606e elementor-widget elementor-widget-text-editor\" data-id=\"2c1606e\" data-element_type=\"widget\" data-widget_type=\"text-editor.default\">\n\t\t\t\t<div class=\"elementor-widget-container\">\n\t\t\t\t\t\t\t\t\t<p><span style=\"font-weight: 400;\">La Maison de Tunisie a \u00e9t\u00e9 construite en 1953, pendant la deuxi\u00e8me grande phase de d\u00e9veloppement de la Cit\u00e9 internationale. Son architecture, \u0153uvre de Jean SEBAG, est typique des ann\u00e9es 1950. A son ouverture, elle se distinguait par la qualit\u00e9 de son \u00e9quipement int\u00e9rieur et de son mobilier, sign\u00e9s Charlotte PERRIAND, Jean PROUVE, Alain RICHARD, Marcel GASCOIN et Pierre FAUCHEUX. Le peintre Sonia DELAUNAY avait m\u00eame particip\u00e9 \u00e0 la cr\u00e9ation des rideaux du grand salon. Elle a \u00e9t\u00e9 enti\u00e8rement r\u00e9nov\u00e9e en 2011, avec une mise aux normes et une augmentation de sa capacit\u00e9 d\u2019accueil. Elle comporte aujourd\u2019hui 182 chambres et 17 studios. Sa capacit\u00e9 d\u2019accueil a doubl\u00e9 avec l\u2019ouverture du Pavillon Habib Bourguiba.\u00a0<\/span><\/p>\t\t\t\t\t\t\t\t<\/div>\n\t\t\t\t<\/div>\n\t\t\t\t\t<\/div>\n\t\t<\/div>\n\t\t\t\t\t<\/div>\n\t\t<\/section>\n\t\t\t\t<section class=\"elementor-section elementor-top-section elementor-element elementor-element-c487e40 elementor-section-boxed elementor-section-height-default elementor-section-height-default wpr-particle-no wpr-jarallax-no wpr-parallax-no wpr-sticky-section-no\" data-id=\"c487e40\" data-element_type=\"section\">\n\t\t\t\t\t\t<div class=\"elementor-container elementor-column-gap-default\">\n\t\t\t\t\t<div class=\"elementor-column elementor-col-33 elementor-top-column elementor-element elementor-element-feec100\" data-id=\"feec100\" data-element_type=\"column\">\n\t\t\t<div class=\"elementor-widget-wrap elementor-element-populated\">\n\t\t\t\t\t\t<div class=\"elementor-element elementor-element-a825249 elementor-widget elementor-widget-heading\" data-id=\"a825249\" data-element_type=\"widget\" data-widget_type=\"heading.default\">\n\t\t\t\t<div class=\"elementor-widget-container\">\n\t\t\t\t\t<h3 class=\"elementor-heading-title elementor-size-default\">SALLE POLYVALENTE<\/h3>\t\t\t\t<\/div>\n\t\t\t\t<\/div>\n\t\t\t\t<div class=\"elementor-element elementor-element-6e58d54 elementor-widget elementor-widget-image\" data-id=\"6e58d54\" data-element_type=\"widget\" data-widget_type=\"image.default\">\n\t\t\t\t<div class=\"elementor-widget-container\">\n\t\t\t\t\t\t\t\t\t\t\t\t\t\t\t<img decoding=\"async\" width=\"1024\" height=\"683\" src=\"https:\/\/maisondelatunisie.com\/Dec2025\/wp-content\/uploads\/2022\/06\/01-1024x683.jpg\" class=\"attachment-large size-large wp-image-2510\" alt=\"\" srcset=\"https:\/\/maisondelatunisie.com\/Dec2025\/wp-content\/uploads\/2022\/06\/01-1024x683.jpg 1024w, https:\/\/maisondelatunisie.com\/Dec2025\/wp-content\/uploads\/2022\/06\/01-300x200.jpg 300w, https:\/\/maisondelatunisie.com\/Dec2025\/wp-content\/uploads\/2022\/06\/01-768x512.jpg 768w, https:\/\/maisondelatunisie.com\/Dec2025\/wp-content\/uploads\/2022\/06\/01-1536x1024.jpg 1536w, https:\/\/maisondelatunisie.com\/Dec2025\/wp-content\/uploads\/2022\/06\/01.jpg 1920w\" sizes=\"(max-width: 1024px) 100vw, 1024px\" \/>\t\t\t\t\t\t\t\t\t\t\t\t\t\t\t<\/div>\n\t\t\t\t<\/div>\n\t\t\t\t\t<\/div>\n\t\t<\/div>\n\t\t\t\t<div class=\"elementor-column elementor-col-33 elementor-top-column elementor-element elementor-element-caaa5e6\" data-id=\"caaa5e6\" data-element_type=\"column\">\n\t\t\t<div class=\"elementor-widget-wrap elementor-element-populated\">\n\t\t\t\t\t\t<div class=\"elementor-element elementor-element-e909b9a elementor-widget elementor-widget-heading\" data-id=\"e909b9a\" data-element_type=\"widget\" data-widget_type=\"heading.default\">\n\t\t\t\t<div class=\"elementor-widget-container\">\n\t\t\t\t\t<h3 class=\"elementor-heading-title elementor-size-default\">CUISINE COMMECTIVE<\/h3>\t\t\t\t<\/div>\n\t\t\t\t<\/div>\n\t\t\t\t<div class=\"elementor-element elementor-element-fdae3d4 elementor-widget elementor-widget-image\" data-id=\"fdae3d4\" data-element_type=\"widget\" data-widget_type=\"image.default\">\n\t\t\t\t<div class=\"elementor-widget-container\">\n\t\t\t\t\t\t\t\t\t\t\t\t\t\t\t<img loading=\"lazy\" decoding=\"async\" width=\"1024\" height=\"683\" src=\"https:\/\/maisondelatunisie.com\/Dec2025\/wp-content\/uploads\/2022\/06\/02-1024x683.jpg\" class=\"attachment-large size-large wp-image-2511\" alt=\"\" srcset=\"https:\/\/maisondelatunisie.com\/Dec2025\/wp-content\/uploads\/2022\/06\/02-1024x683.jpg 1024w, https:\/\/maisondelatunisie.com\/Dec2025\/wp-content\/uploads\/2022\/06\/02-300x200.jpg 300w, https:\/\/maisondelatunisie.com\/Dec2025\/wp-content\/uploads\/2022\/06\/02-768x512.jpg 768w, https:\/\/maisondelatunisie.com\/Dec2025\/wp-content\/uploads\/2022\/06\/02-1536x1024.jpg 1536w, https:\/\/maisondelatunisie.com\/Dec2025\/wp-content\/uploads\/2022\/06\/02.jpg 1920w\" sizes=\"(max-width: 1024px) 100vw, 1024px\" \/>\t\t\t\t\t\t\t\t\t\t\t\t\t\t\t<\/div>\n\t\t\t\t<\/div>\n\t\t\t\t\t<\/div>\n\t\t<\/div>\n\t\t\t\t<div class=\"elementor-column elementor-col-33 elementor-top-column elementor-element elementor-element-7576668\" data-id=\"7576668\" data-element_type=\"column\">\n\t\t\t<div class=\"elementor-widget-wrap elementor-element-populated\">\n\t\t\t\t\t\t<div class=\"elementor-element elementor-element-6697692 elementor-widget elementor-widget-heading\" data-id=\"6697692\" data-element_type=\"widget\" data-widget_type=\"heading.default\">\n\t\t\t\t<div class=\"elementor-widget-container\">\n\t\t\t\t\t<h3 class=\"elementor-heading-title elementor-size-default\">CAFETERIA ET SALLE TV<\/h3>\t\t\t\t<\/div>\n\t\t\t\t<\/div>\n\t\t\t\t<div class=\"elementor-element elementor-element-509d6ea elementor-widget elementor-widget-image\" data-id=\"509d6ea\" data-element_type=\"widget\" data-widget_type=\"image.default\">\n\t\t\t\t<div class=\"elementor-widget-container\">\n\t\t\t\t\t\t\t\t\t\t\t\t\t\t\t<img loading=\"lazy\" decoding=\"async\" width=\"1024\" height=\"683\" src=\"https:\/\/maisondelatunisie.com\/Dec2025\/wp-content\/uploads\/2022\/06\/03-1024x683.jpg\" class=\"attachment-large size-large wp-image-2512\" alt=\"\" srcset=\"https:\/\/maisondelatunisie.com\/Dec2025\/wp-content\/uploads\/2022\/06\/03-1024x683.jpg 1024w, https:\/\/maisondelatunisie.com\/Dec2025\/wp-content\/uploads\/2022\/06\/03-300x200.jpg 300w, https:\/\/maisondelatunisie.com\/Dec2025\/wp-content\/uploads\/2022\/06\/03-768x512.jpg 768w, https:\/\/maisondelatunisie.com\/Dec2025\/wp-content\/uploads\/2022\/06\/03-1536x1024.jpg 1536w, https:\/\/maisondelatunisie.com\/Dec2025\/wp-content\/uploads\/2022\/06\/03.jpg 1920w\" sizes=\"(max-width: 1024px) 100vw, 1024px\" \/>\t\t\t\t\t\t\t\t\t\t\t\t\t\t\t<\/div>\n\t\t\t\t<\/div>\n\t\t\t\t\t<\/div>\n\t\t<\/div>\n\t\t\t\t\t<\/div>\n\t\t<\/section>\n\t\t\t\t<section class=\"elementor-section elementor-top-section elementor-element elementor-element-15e91a8 elementor-section-boxed elementor-section-height-default elementor-section-height-default wpr-particle-no wpr-jarallax-no wpr-parallax-no wpr-sticky-section-no\" data-id=\"15e91a8\" data-element_type=\"section\">\n\t\t\t\t\t\t<div class=\"elementor-container elementor-column-gap-default\">\n\t\t\t\t\t<div class=\"elementor-column elementor-col-33 elementor-top-column elementor-element elementor-element-7b68781\" data-id=\"7b68781\" data-element_type=\"column\">\n\t\t\t<div class=\"elementor-widget-wrap elementor-element-populated\">\n\t\t\t\t\t\t<div class=\"elementor-element elementor-element-fa4b6c5 elementor-widget elementor-widget-heading\" data-id=\"fa4b6c5\" data-element_type=\"widget\" data-widget_type=\"heading.default\">\n\t\t\t\t<div class=\"elementor-widget-container\">\n\t\t\t\t\t<h3 class=\"elementor-heading-title elementor-size-default\">SALLE DE LECTURE<\/h3>\t\t\t\t<\/div>\n\t\t\t\t<\/div>\n\t\t\t\t<div class=\"elementor-element elementor-element-4cae2e4 elementor-widget elementor-widget-image\" data-id=\"4cae2e4\" data-element_type=\"widget\" data-widget_type=\"image.default\">\n\t\t\t\t<div class=\"elementor-widget-container\">\n\t\t\t\t\t\t\t\t\t\t\t\t\t\t\t<img loading=\"lazy\" decoding=\"async\" width=\"1024\" height=\"683\" src=\"https:\/\/maisondelatunisie.com\/Dec2025\/wp-content\/uploads\/2022\/06\/04-1024x683.jpg\" class=\"attachment-large size-large wp-image-2513\" alt=\"\" srcset=\"https:\/\/maisondelatunisie.com\/Dec2025\/wp-content\/uploads\/2022\/06\/04-1024x683.jpg 1024w, https:\/\/maisondelatunisie.com\/Dec2025\/wp-content\/uploads\/2022\/06\/04-300x200.jpg 300w, https:\/\/maisondelatunisie.com\/Dec2025\/wp-content\/uploads\/2022\/06\/04-768x512.jpg 768w, https:\/\/maisondelatunisie.com\/Dec2025\/wp-content\/uploads\/2022\/06\/04-1536x1024.jpg 1536w, https:\/\/maisondelatunisie.com\/Dec2025\/wp-content\/uploads\/2022\/06\/04.jpg 1920w\" sizes=\"(max-width: 1024px) 100vw, 1024px\" \/>\t\t\t\t\t\t\t\t\t\t\t\t\t\t\t<\/div>\n\t\t\t\t<\/div>\n\t\t\t\t\t<\/div>\n\t\t<\/div>\n\t\t\t\t<div class=\"elementor-column elementor-col-33 elementor-top-column elementor-element elementor-element-401f2ae\" data-id=\"401f2ae\" data-element_type=\"column\">\n\t\t\t<div class=\"elementor-widget-wrap elementor-element-populated\">\n\t\t\t\t\t\t<div class=\"elementor-element elementor-element-6acdecf elementor-widget elementor-widget-heading\" data-id=\"6acdecf\" data-element_type=\"widget\" data-widget_type=\"heading.default\">\n\t\t\t\t<div class=\"elementor-widget-container\">\n\t\t\t\t\t<h3 class=\"elementor-heading-title elementor-size-default\">SALLE DE SPORT<\/h3>\t\t\t\t<\/div>\n\t\t\t\t<\/div>\n\t\t\t\t<div class=\"elementor-element elementor-element-dc47c3a elementor-widget elementor-widget-image\" data-id=\"dc47c3a\" data-element_type=\"widget\" data-widget_type=\"image.default\">\n\t\t\t\t<div class=\"elementor-widget-container\">\n\t\t\t\t\t\t\t\t\t\t\t\t\t\t\t<img loading=\"lazy\" decoding=\"async\" width=\"1024\" height=\"683\" src=\"https:\/\/maisondelatunisie.com\/Dec2025\/wp-content\/uploads\/2022\/06\/05-1024x683.jpg\" class=\"attachment-large size-large wp-image-2514\" alt=\"\" srcset=\"https:\/\/maisondelatunisie.com\/Dec2025\/wp-content\/uploads\/2022\/06\/05-1024x683.jpg 1024w, https:\/\/maisondelatunisie.com\/Dec2025\/wp-content\/uploads\/2022\/06\/05-300x200.jpg 300w, https:\/\/maisondelatunisie.com\/Dec2025\/wp-content\/uploads\/2022\/06\/05-768x512.jpg 768w, https:\/\/maisondelatunisie.com\/Dec2025\/wp-content\/uploads\/2022\/06\/05-1536x1024.jpg 1536w, https:\/\/maisondelatunisie.com\/Dec2025\/wp-content\/uploads\/2022\/06\/05.jpg 1920w\" sizes=\"(max-width: 1024px) 100vw, 1024px\" \/>\t\t\t\t\t\t\t\t\t\t\t\t\t\t\t<\/div>\n\t\t\t\t<\/div>\n\t\t\t\t\t<\/div>\n\t\t<\/div>\n\t\t\t\t<div class=\"elementor-column elementor-col-33 elementor-top-column elementor-element elementor-element-a9e22c6\" data-id=\"a9e22c6\" data-element_type=\"column\">\n\t\t\t<div class=\"elementor-widget-wrap elementor-element-populated\">\n\t\t\t\t\t\t<div class=\"elementor-element elementor-element-c48dc4b elementor-widget elementor-widget-heading\" data-id=\"c48dc4b\" data-element_type=\"widget\" data-widget_type=\"heading.default\">\n\t\t\t\t<div class=\"elementor-widget-container\">\n\t\t\t\t\t<h3 class=\"elementor-heading-title elementor-size-default\">LAVERIE<\/h3>\t\t\t\t<\/div>\n\t\t\t\t<\/div>\n\t\t\t\t<div class=\"elementor-element elementor-element-5530964 elementor-widget elementor-widget-image\" data-id=\"5530964\" data-element_type=\"widget\" data-widget_type=\"image.default\">\n\t\t\t\t<div class=\"elementor-widget-container\">\n\t\t\t\t\t\t\t\t\t\t\t\t\t\t\t<img loading=\"lazy\" decoding=\"async\" width=\"1024\" height=\"683\" src=\"https:\/\/maisondelatunisie.com\/Dec2025\/wp-content\/uploads\/2022\/06\/06-1024x683.jpg\" class=\"attachment-large size-large wp-image-2515\" alt=\"\" srcset=\"https:\/\/maisondelatunisie.com\/Dec2025\/wp-content\/uploads\/2022\/06\/06-1024x683.jpg 1024w, https:\/\/maisondelatunisie.com\/Dec2025\/wp-content\/uploads\/2022\/06\/06-300x200.jpg 300w, https:\/\/maisondelatunisie.com\/Dec2025\/wp-content\/uploads\/2022\/06\/06-768x512.jpg 768w, https:\/\/maisondelatunisie.com\/Dec2025\/wp-content\/uploads\/2022\/06\/06-1536x1024.jpg 1536w, https:\/\/maisondelatunisie.com\/Dec2025\/wp-content\/uploads\/2022\/06\/06.jpg 1920w\" sizes=\"(max-width: 1024px) 100vw, 1024px\" \/>\t\t\t\t\t\t\t\t\t\t\t\t\t\t\t<\/div>\n\t\t\t\t<\/div>\n\t\t\t\t\t<\/div>\n\t\t<\/div>\n\t\t\t\t\t<\/div>\n\t\t<\/section>\n\t\t\t\t<section class=\"elementor-section elementor-top-section elementor-element elementor-element-d4a666c elementor-section-boxed elementor-section-height-default elementor-section-height-default wpr-particle-no wpr-jarallax-no wpr-parallax-no wpr-sticky-section-no\" data-id=\"d4a666c\" data-element_type=\"section\">\n\t\t\t\t\t\t<div class=\"elementor-container elementor-column-gap-default\">\n\t\t\t\t\t<div class=\"elementor-column elementor-col-33 elementor-top-column elementor-element elementor-element-11796af\" data-id=\"11796af\" data-element_type=\"column\">\n\t\t\t<div class=\"elementor-widget-wrap elementor-element-populated\">\n\t\t\t\t\t\t\t<\/div>\n\t\t<\/div>\n\t\t\t\t<div class=\"elementor-column elementor-col-33 elementor-top-column elementor-element elementor-element-bdca2d0\" data-id=\"bdca2d0\" data-element_type=\"column\">\n\t\t\t<div class=\"elementor-widget-wrap elementor-element-populated\">\n\t\t\t\t\t\t<div class=\"elementor-element elementor-element-02f6a2f elementor-widget elementor-widget-heading\" data-id=\"02f6a2f\" data-element_type=\"widget\" data-widget_type=\"heading.default\">\n\t\t\t\t<div class=\"elementor-widget-container\">\n\t\t\t\t\t<h3 class=\"elementor-heading-title elementor-size-default\">TERRASSE<\/h3>\t\t\t\t<\/div>\n\t\t\t\t<\/div>\n\t\t\t\t<div class=\"elementor-element elementor-element-1eccff1 elementor-widget elementor-widget-image\" data-id=\"1eccff1\" data-element_type=\"widget\" data-widget_type=\"image.default\">\n\t\t\t\t<div class=\"elementor-widget-container\">\n\t\t\t\t\t\t\t\t\t\t\t\t\t\t\t<img loading=\"lazy\" decoding=\"async\" width=\"1024\" height=\"683\" src=\"https:\/\/maisondelatunisie.com\/Dec2025\/wp-content\/uploads\/2022\/06\/07-1024x683.jpg\" class=\"attachment-large size-large wp-image-2516\" alt=\"\" srcset=\"https:\/\/maisondelatunisie.com\/Dec2025\/wp-content\/uploads\/2022\/06\/07-1024x683.jpg 1024w, https:\/\/maisondelatunisie.com\/Dec2025\/wp-content\/uploads\/2022\/06\/07-300x200.jpg 300w, https:\/\/maisondelatunisie.com\/Dec2025\/wp-content\/uploads\/2022\/06\/07-768x512.jpg 768w, https:\/\/maisondelatunisie.com\/Dec2025\/wp-content\/uploads\/2022\/06\/07-1536x1024.jpg 1536w, https:\/\/maisondelatunisie.com\/Dec2025\/wp-content\/uploads\/2022\/06\/07.jpg 1920w\" sizes=\"(max-width: 1024px) 100vw, 1024px\" \/>\t\t\t\t\t\t\t\t\t\t\t\t\t\t\t<\/div>\n\t\t\t\t<\/div>\n\t\t\t\t\t<\/div>\n\t\t<\/div>\n\t\t\t\t<div class=\"elementor-column elementor-col-33 elementor-top-column elementor-element elementor-element-2090790\" data-id=\"2090790\" data-element_type=\"column\">\n\t\t\t<div class=\"elementor-widget-wrap elementor-element-populated\">\n\t\t\t\t\t\t\t<\/div>\n\t\t<\/div>\n\t\t\t\t\t<\/div>\n\t\t<\/section>\n\t\t\t\t<\/div>\n\t\t","protected":false},"excerpt":{"rendered":"<p>Pavillon Ibn Khaldoun La Maison de Tunisie a \u00e9t\u00e9 construite en 1953, pendant la deuxi\u00e8me grande phase de d\u00e9veloppement de&hellip;<\/p>\n","protected":false},"author":1,"featured_media":0,"parent":0,"menu_order":0,"comment_status":"closed","ping_status":"closed","template":"template-parts\/template-page-builders.php","meta":{"footnotes":""},"class_list":["post-1425","page","type-page","status-publish","hentry"],"_links":{"self":[{"href":"https:\/\/maisondelatunisie.com\/Dec2025\/wp-json\/wp\/v2\/pages\/1425","targetHints":{"allow":["GET"]}}],"collection":[{"href":"https:\/\/maisondelatunisie.com\/Dec2025\/wp-json\/wp\/v2\/pages"}],"about":[{"href":"https:\/\/maisondelatunisie.com\/Dec2025\/wp-json\/wp\/v2\/types\/page"}],"author":[{"embeddable":true,"href":"https:\/\/maisondelatunisie.com\/Dec2025\/wp-json\/wp\/v2\/users\/1"}],"replies":[{"embeddable":true,"href":"https:\/\/maisondelatunisie.com\/Dec2025\/wp-json\/wp\/v2\/comments?post=1425"}],"version-history":[{"count":25,"href":"https:\/\/maisondelatunisie.com\/Dec2025\/wp-json\/wp\/v2\/pages\/1425\/revisions"}],"predecessor-version":[{"id":2677,"href":"https:\/\/maisondelatunisie.com\/Dec2025\/wp-json\/wp\/v2\/pages\/1425\/revisions\/2677"}],"wp:attachment":[{"href":"https:\/\/maisondelatunisie.com\/Dec2025\/wp-json\/wp\/v2\/media?parent=1425"}],"curies":[{"name":"wp","href":"https:\/\/api.w.org\/{rel}","templated":true}]}}