{"id":1476,"date":"2022-05-27T11:29:39","date_gmt":"2022-05-27T11:29:39","guid":{"rendered":"https:\/\/maisondelatunisie.com\/Dec2025\/?page_id=1476"},"modified":"2024-07-20T19:00:20","modified_gmt":"2024-07-20T17:00:20","slug":"biographie-directeur","status":"publish","type":"page","link":"https:\/\/maisondelatunisie.com\/Dec2025\/biographie-directeur\/","title":{"rendered":"Biographie directeur"},"content":{"rendered":"\t\t<div data-elementor-type=\"wp-page\" data-elementor-id=\"1476\" class=\"elementor elementor-1476\">\n\t\t\t\t\t\t<section class=\"elementor-section elementor-top-section elementor-element elementor-element-572ec40 elementor-section-height-min-height elementor-section-boxed elementor-section-height-default elementor-section-items-middle wpr-particle-no wpr-jarallax-no wpr-parallax-no wpr-sticky-section-no\" data-id=\"572ec40\" data-element_type=\"section\" data-settings=\"{&quot;background_background&quot;:&quot;classic&quot;}\">\n\t\t\t\t\t\t<div class=\"elementor-container elementor-column-gap-default\">\n\t\t\t\t\t<div class=\"elementor-column elementor-col-100 elementor-top-column elementor-element elementor-element-ae2a92f\" data-id=\"ae2a92f\" data-element_type=\"column\">\n\t\t\t<div class=\"elementor-widget-wrap elementor-element-populated\">\n\t\t\t\t\t\t<div class=\"elementor-element elementor-element-8e488ee elementor-widget elementor-widget-image\" data-id=\"8e488ee\" data-element_type=\"widget\" data-widget_type=\"image.default\">\n\t\t\t\t<div class=\"elementor-widget-container\">\n\t\t\t\t\t\t\t\t\t\t\t\t\t\t\t<img fetchpriority=\"high\" decoding=\"async\" width=\"1200\" height=\"300\" src=\"https:\/\/maisondelatunisie.com\/Dec2025\/wp-content\/uploads\/2022\/05\/banniere-copy.jpg\" class=\"attachment-1536x1536 size-1536x1536 wp-image-1607\" alt=\"\" \/>\t\t\t\t\t\t\t\t\t\t\t\t\t\t\t<\/div>\n\t\t\t\t<\/div>\n\t\t\t\t\t<\/div>\n\t\t<\/div>\n\t\t\t\t\t<\/div>\n\t\t<\/section>\n\t\t\t\t<section class=\"elementor-section elementor-top-section elementor-element elementor-element-981a0d6 elementor-section-boxed elementor-section-height-default elementor-section-height-default wpr-particle-no wpr-jarallax-no wpr-parallax-no wpr-sticky-section-no\" data-id=\"981a0d6\" data-element_type=\"section\">\n\t\t\t\t\t\t<div class=\"elementor-container elementor-column-gap-default\">\n\t\t\t\t\t<div class=\"elementor-column elementor-col-100 elementor-top-column elementor-element elementor-element-b890dd5\" data-id=\"b890dd5\" data-element_type=\"column\">\n\t\t\t<div class=\"elementor-widget-wrap elementor-element-populated\">\n\t\t\t\t\t\t<div class=\"elementor-element elementor-element-2f188d9 elementor-widget elementor-widget-heading\" data-id=\"2f188d9\" data-element_type=\"widget\" data-widget_type=\"heading.default\">\n\t\t\t\t<div class=\"elementor-widget-container\">\n\t\t\t\t\t<h2 class=\"elementor-heading-title elementor-size-default\">Biographie directeur<\/h2>\t\t\t\t<\/div>\n\t\t\t\t<\/div>\n\t\t\t\t\t<\/div>\n\t\t<\/div>\n\t\t\t\t\t<\/div>\n\t\t<\/section>\n\t\t\t\t<section class=\"elementor-section elementor-top-section elementor-element elementor-element-862780f elementor-section-boxed elementor-section-height-default elementor-section-height-default wpr-particle-no wpr-jarallax-no wpr-parallax-no wpr-sticky-section-no\" data-id=\"862780f\" data-element_type=\"section\">\n\t\t\t\t\t\t<div class=\"elementor-container elementor-column-gap-default\">\n\t\t\t\t\t<div class=\"elementor-column elementor-col-50 elementor-top-column elementor-element elementor-element-73ac867\" data-id=\"73ac867\" data-element_type=\"column\">\n\t\t\t<div class=\"elementor-widget-wrap elementor-element-populated\">\n\t\t\t\t\t\t<div class=\"elementor-element elementor-element-6a7d01d elementor-widget elementor-widget-text-editor\" data-id=\"6a7d01d\" data-element_type=\"widget\" data-widget_type=\"text-editor.default\">\n\t\t\t\t<div class=\"elementor-widget-container\">\n\t\t\t\t\t\t\t\t\t<p>Pr. Mahmoud Zouaoui a auparavant occup\u00e9 les fonctions suivantes\u00a0:<\/p><p>&#8211; Chef de cabinet du minist\u00e8re de l&rsquo;Enseignement sup\u00e9rieur et de la Recherche scientifique.<\/p><p>&#8211; Directeur g\u00e9n\u00e9ral de l&rsquo;enseignement sup\u00e9rieur,<\/p><p>&#8211; Directeur de l\u2019Ecole sup\u00e9rieure de commerce de Tunis (ESCT),<\/p><p>&#8211; Vice-pr\u00e9sident de l&rsquo;universit\u00e9 Tunis El Manar, et<\/p><p>&#8211; Directeur de l\u2019Ecole sup\u00e9rieure de sciences \u00e9conomiques et commerciales de Tunis (ESSECT).<\/p><p>Mahmoud Zouaoui est professeur de l\u2019enseignement sup\u00e9rieur. Ses recherches portent sur le leadership, le management strat\u00e9gique et l&rsquo;entrepreneuriat. Il a publi\u00e9 de nombreux articles et un ouvrage sur le management des entreprises.<\/p><p>Il a pr\u00e9sid\u00e9 plusieurs commissions de r\u00e9forme de l\u2019enseignement sup\u00e9rieur et plusieurs jurys de recrutement et de promotion des enseignants-chercheurs.<\/p><p>Il a \u00e9galement \u00e9t\u00e9 l&rsquo;initiateur de plusieurs programmes d&rsquo;enseignement sup\u00e9rieur : Licences, Mast\u00e8res et Doctorats.<\/p><p>Il \u00e9tait Lead-Expert dans le Programme d\u2019Appui \u00e0 la Qualit\u00e9 pour l\u2019employabilit\u00e9 et la modernisation de la gestion du syst\u00e8me de l\u2019enseignement sup\u00e9rieur tunisien (PROMESSE).<\/p><p>Il \u00e9tait aussi pr\u00e9sident du conseil d\u2019orientation de l\u2019Institut national de consommation, membre du conseil scientifique de l\u2019\u00e9cole nationale d\u2019administration (ENA), membre du conseil de la concurrence, et laur\u00e9at de la 25\u00e8me promotion de l\u2019Institut de d\u00e9fense nationale (IDN).<\/p><p>Il est d\u00e9cor\u00e9 de l\u2019insigne de l\u2019Ordre du m\u00e9rite national au titre du secteur de l\u2019\u00e9ducation et du savoir.<\/p><p><em>Les fonctions occup\u00e9es par Mr Mahmoud Zouaoui lui ont permis de d\u00e9velopper ses capacit\u00e9s de bonne gouvernance dans le milieu universitaire et estudiantin, et d\u2019entretenir de bonnes relations avec les diff\u00e9rentes parties prenantes impliqu\u00e9es dans ce milieu.<\/em><\/p><ul><li><strong>Projet<\/strong><\/li><\/ul><p>Mon projet pour la Fondation de la Maison de Tunisie (FMT) comporte quatre volets essentiels\u00a0: les valeurs, la gouvernance interne, la gouvernance externe, et la responsabilit\u00e9 sociale.<\/p><ul><li><strong>Les valeurs<\/strong><\/li><li>Consolider et d\u00e9velopper chez les r\u00e9sidentes, les r\u00e9sidents et le personnel de la FMT, les valeurs universelles de solidarit\u00e9, de diversit\u00e9, de tol\u00e9rance et de paix.<\/li><li>Les aider \u00e0 prendre conscience et agir pour le respect de la dignit\u00e9 et des droits de la personne humaine.<\/li><li>Consolider et d\u00e9velopper le comportement civique et le respect de l\u2019environnement naturel.<\/li><li>Veiller au respect des principes d\u2019\u00e9galit\u00e9, d\u2019\u00e9quit\u00e9 et de justice.<\/li><\/ul><ul><li><strong>La gouvernance interne<\/strong><\/li><li>Agir dans le cadre des orientations du Conseil d\u2019Administration de la FMT.<\/li><li>D\u00e9velopper un syst\u00e8me de gouvernance participatif o\u00f9 le personnel de FMT et le comit\u00e9 des r\u00e9sidents sont impliqu\u00e9s dans les choix importants relatifs \u00e0 l\u2019am\u00e9lioration du bien-\u00eatre physique et de l\u2019\u00e9panouissement intellectuel\u00a0: activit\u00e9s culturelles, sportives et scientifiques\u00a0; am\u00e9lioration de l\u2019infrastructure et de l\u2019environnement, cr\u00e9ation d\u2019espace d\u00e9di\u00e9s aux r\u00e9sident(e)s pour la musique, la peinture, \u2026<\/li><li>Am\u00e9liorer la qualit\u00e9 et la transparence de la gestion, notamment \u00e0 travers la formalisation de l\u2019organisation du travail, la rationalisation des proc\u00e9dures et la digitalisation.<\/li><li>Consolider les structures de d\u00e9cision par la concertation\u00a0: comit\u00e9 de suivi des activit\u00e9s culturelles et scientifiques, Comit\u00e9 de la qualit\u00e9, \u2026<\/li><\/ul><ul><li><strong>La gouvernance externe<\/strong><\/li><li>Agir dans le cadre des valeurs et des principes de gouvernance de la cit\u00e9 internationale universitaire de Paris (CUIP).<\/li><li>Participer \u00e0 l\u2019am\u00e9lioration de l\u2019environnement de la FMT et de la CIUP.<\/li><li>Entretenir des relations de collaboration avec les autres Maisons pour le bien de chaque Maison et celui de CIUP.<\/li><li><strong>Respecter la loi et la r\u00e9glementation en vigueur. <\/strong><\/li><\/ul><p><strong>\u00a0<\/strong><\/p><ul><li><strong>La responsabilit\u00e9 sociale<\/strong><\/li><li>Agir pour faire de la FMT une Maison socialement responsable.<\/li><li>Favoriser l\u2019inclusion et l\u2019assistance des r\u00e9sidentes et r\u00e9sidents \u00e0 besoins sp\u00e9cifiques.<\/li><li>\u0152uvrer pour la protection de l\u2019environnement \u00e9cologique de la FMT et de la CIUP (espaces verts, \u00e9conomie de l\u2019\u00e9nergie, propret\u00e9, \u2026).<\/li><li>Respecter les r\u00e8gles et les proc\u00e9dures qui assurent la s\u00e9curit\u00e9 des r\u00e9sident(e)s, du personnel et des visiteurs de la FMT et de la CIUP.<\/li><\/ul>\t\t\t\t\t\t\t\t<\/div>\n\t\t\t\t<\/div>\n\t\t\t\t\t<\/div>\n\t\t<\/div>\n\t\t\t\t<div class=\"elementor-column elementor-col-50 elementor-top-column elementor-element elementor-element-bc28b3f\" data-id=\"bc28b3f\" data-element_type=\"column\">\n\t\t\t<div class=\"elementor-widget-wrap elementor-element-populated\">\n\t\t\t\t\t\t<div class=\"elementor-element elementor-element-a5dea1a elementor-widget__width-initial elementor-widget elementor-widget-image\" data-id=\"a5dea1a\" data-element_type=\"widget\" data-widget_type=\"image.default\">\n\t\t\t\t<div class=\"elementor-widget-container\">\n\t\t\t\t\t\t\t\t\t\t\t\t\t\t\t<img decoding=\"async\" width=\"755\" height=\"1024\" src=\"https:\/\/maisondelatunisie.com\/Dec2025\/wp-content\/uploads\/2024\/07\/directeur-03.jpg\" class=\"attachment-large size-large wp-image-4127\" alt=\"\" srcset=\"https:\/\/maisondelatunisie.com\/Dec2025\/wp-content\/uploads\/2024\/07\/directeur-03.jpg 755w, https:\/\/maisondelatunisie.com\/Dec2025\/wp-content\/uploads\/2024\/07\/directeur-03-221x300.jpg 221w\" sizes=\"(max-width: 755px) 100vw, 755px\" \/>\t\t\t\t\t\t\t\t\t\t\t\t\t\t\t<\/div>\n\t\t\t\t<\/div>\n\t\t\t\t\t<\/div>\n\t\t<\/div>\n\t\t\t\t\t<\/div>\n\t\t<\/section>\n\t\t\t\t<\/div>\n\t\t","protected":false},"excerpt":{"rendered":"<p>Biographie directeur Pr. Mahmoud Zouaoui a auparavant occup\u00e9 les fonctions suivantes\u00a0: &#8211; Chef de cabinet du minist\u00e8re de l&rsquo;Enseignement sup\u00e9rieur&hellip;<\/p>\n","protected":false},"author":1,"featured_media":0,"parent":0,"menu_order":0,"comment_status":"closed","ping_status":"closed","template":"template-parts\/template-page-builders.php","meta":{"footnotes":""},"class_list":["post-1476","page","type-page","status-publish","hentry"],"_links":{"self":[{"href":"https:\/\/maisondelatunisie.com\/Dec2025\/wp-json\/wp\/v2\/pages\/1476","targetHints":{"allow":["GET"]}}],"collection":[{"href":"https:\/\/maisondelatunisie.com\/Dec2025\/wp-json\/wp\/v2\/pages"}],"about":[{"href":"https:\/\/maisondelatunisie.com\/Dec2025\/wp-json\/wp\/v2\/types\/page"}],"author":[{"embeddable":true,"href":"https:\/\/maisondelatunisie.com\/Dec2025\/wp-json\/wp\/v2\/users\/1"}],"replies":[{"embeddable":true,"href":"https:\/\/maisondelatunisie.com\/Dec2025\/wp-json\/wp\/v2\/comments?post=1476"}],"version-history":[{"count":34,"href":"https:\/\/maisondelatunisie.com\/Dec2025\/wp-json\/wp\/v2\/pages\/1476\/revisions"}],"predecessor-version":[{"id":4130,"href":"https:\/\/maisondelatunisie.com\/Dec2025\/wp-json\/wp\/v2\/pages\/1476\/revisions\/4130"}],"wp:attachment":[{"href":"https:\/\/maisondelatunisie.com\/Dec2025\/wp-json\/wp\/v2\/media?parent=1476"}],"curies":[{"name":"wp","href":"https:\/\/api.w.org\/{rel}","templated":true}]}}