{"id":950,"date":"2022-05-24T14:50:17","date_gmt":"2022-05-24T14:50:17","guid":{"rendered":"https:\/\/maisondelatunisie.com\/Dec2025\/?page_id=950"},"modified":"2024-08-06T15:14:14","modified_gmt":"2024-08-06T13:14:14","slug":"resider-a-la-maison","status":"publish","type":"page","link":"https:\/\/maisondelatunisie.com\/Dec2025\/resider-a-la-maison\/","title":{"rendered":"Notre histoire"},"content":{"rendered":"\t\t<div data-elementor-type=\"wp-page\" data-elementor-id=\"950\" class=\"elementor elementor-950\">\n\t\t\t\t\t\t<section class=\"elementor-section elementor-top-section elementor-element elementor-element-fc094de elementor-section-height-min-height elementor-section-boxed elementor-section-height-default elementor-section-items-middle wpr-particle-no wpr-jarallax-no wpr-parallax-no wpr-sticky-section-no\" data-id=\"fc094de\" data-element_type=\"section\" data-settings=\"{&quot;background_background&quot;:&quot;classic&quot;}\">\n\t\t\t\t\t\t<div class=\"elementor-container elementor-column-gap-default\">\n\t\t\t\t\t<div class=\"elementor-column elementor-col-100 elementor-top-column elementor-element elementor-element-4c849a9\" data-id=\"4c849a9\" data-element_type=\"column\">\n\t\t\t<div class=\"elementor-widget-wrap elementor-element-populated\">\n\t\t\t\t\t\t<div class=\"elementor-element elementor-element-46ca49e elementor-widget elementor-widget-image\" data-id=\"46ca49e\" data-element_type=\"widget\" data-widget_type=\"image.default\">\n\t\t\t\t<div class=\"elementor-widget-container\">\n\t\t\t\t\t\t\t\t\t\t\t\t\t\t\t<img fetchpriority=\"high\" decoding=\"async\" width=\"1200\" height=\"300\" src=\"https:\/\/maisondelatunisie.com\/Dec2025\/wp-content\/uploads\/2024\/08\/banniere3.jpg\" class=\"attachment-1536x1536 size-1536x1536 wp-image-4501\" alt=\"\" srcset=\"https:\/\/maisondelatunisie.com\/Dec2025\/wp-content\/uploads\/2024\/08\/banniere3.jpg 1200w, https:\/\/maisondelatunisie.com\/Dec2025\/wp-content\/uploads\/2024\/08\/banniere3-300x75.jpg 300w, https:\/\/maisondelatunisie.com\/Dec2025\/wp-content\/uploads\/2024\/08\/banniere3-1024x256.jpg 1024w, https:\/\/maisondelatunisie.com\/Dec2025\/wp-content\/uploads\/2024\/08\/banniere3-768x192.jpg 768w\" sizes=\"(max-width: 1200px) 100vw, 1200px\" \/>\t\t\t\t\t\t\t\t\t\t\t\t\t\t\t<\/div>\n\t\t\t\t<\/div>\n\t\t\t\t\t<\/div>\n\t\t<\/div>\n\t\t\t\t\t<\/div>\n\t\t<\/section>\n\t\t\t\t<section class=\"elementor-section elementor-top-section elementor-element elementor-element-4a91707 elementor-section-boxed elementor-section-height-default elementor-section-height-default wpr-particle-no wpr-jarallax-no wpr-parallax-no wpr-sticky-section-no\" data-id=\"4a91707\" data-element_type=\"section\">\n\t\t\t\t\t\t<div class=\"elementor-container elementor-column-gap-default\">\n\t\t\t\t\t<div class=\"elementor-column elementor-col-100 elementor-top-column elementor-element elementor-element-372a990\" data-id=\"372a990\" data-element_type=\"column\">\n\t\t\t<div class=\"elementor-widget-wrap elementor-element-populated\">\n\t\t\t\t\t\t<div class=\"elementor-element elementor-element-015dc21 elementor-widget elementor-widget-heading\" data-id=\"015dc21\" data-element_type=\"widget\" data-widget_type=\"heading.default\">\n\t\t\t\t<div class=\"elementor-widget-container\">\n\t\t\t\t\t<h2 class=\"elementor-heading-title elementor-size-default\">Notre histoire<\/h2>\t\t\t\t<\/div>\n\t\t\t\t<\/div>\n\t\t\t\t\t<\/div>\n\t\t<\/div>\n\t\t\t\t\t<\/div>\n\t\t<\/section>\n\t\t\t\t<section class=\"elementor-section elementor-top-section elementor-element elementor-element-d057d94 elementor-section-boxed elementor-section-height-default elementor-section-height-default wpr-particle-no wpr-jarallax-no wpr-parallax-no wpr-sticky-section-no\" data-id=\"d057d94\" data-element_type=\"section\">\n\t\t\t\t\t\t<div class=\"elementor-container elementor-column-gap-default\">\n\t\t\t\t\t<div class=\"elementor-column elementor-col-100 elementor-top-column elementor-element elementor-element-ecbba27\" data-id=\"ecbba27\" data-element_type=\"column\">\n\t\t\t<div class=\"elementor-widget-wrap elementor-element-populated\">\n\t\t\t\t\t\t<div class=\"elementor-element elementor-element-d423bf1 elementor-widget elementor-widget-heading\" data-id=\"d423bf1\" data-element_type=\"widget\" data-widget_type=\"heading.default\">\n\t\t\t\t<div class=\"elementor-widget-container\">\n\t\t\t\t\t<h4 class=\"elementor-heading-title elementor-size-default\">LA MAISON DE TUNISIE, 68 ANNEES APRES. \nUNE COMMUNAUTE DE DESTIN.\n<\/h4>\t\t\t\t<\/div>\n\t\t\t\t<\/div>\n\t\t\t\t\t<\/div>\n\t\t<\/div>\n\t\t\t\t\t<\/div>\n\t\t<\/section>\n\t\t\t\t<section class=\"elementor-section elementor-top-section elementor-element elementor-element-c0f543a elementor-section-boxed elementor-section-height-default elementor-section-height-default wpr-particle-no wpr-jarallax-no wpr-parallax-no wpr-sticky-section-no\" data-id=\"c0f543a\" data-element_type=\"section\">\n\t\t\t\t\t\t<div class=\"elementor-container elementor-column-gap-default\">\n\t\t\t\t\t<div class=\"elementor-column elementor-col-66 elementor-top-column elementor-element elementor-element-dbcbbec\" data-id=\"dbcbbec\" data-element_type=\"column\">\n\t\t\t<div class=\"elementor-widget-wrap elementor-element-populated\">\n\t\t\t\t\t\t<div class=\"elementor-element elementor-element-484d213 elementor-widget elementor-widget-text-editor\" data-id=\"484d213\" data-element_type=\"widget\" data-widget_type=\"text-editor.default\">\n\t\t\t\t<div class=\"elementor-widget-container\">\n\t\t\t\t\t\t\t\t\t<p><span style=\"font-weight: 400;\">Lorsque le bey de Tunis Mohamed Lamine Bey, <\/span><b>signa le 30 d\u00e9cembre 1948<\/b><span style=\"font-weight: 400;\"> le d\u00e9cret fondant la Maison de Tunisie dans l\u2019enceinte de la Cit\u00e9 Internationale Universitaire de Paris, il ne se douta gu\u00e8re que par cet acte, il inaugura une nouvelle page dans l\u2019histoire des \u00e9lites tunisiennes du savoir et dans l\u2019histoire de la nouvelle nation ind\u00e9pendante en gestation. En effet, la Tunisie \u00e9tait encore sous le protectorat fran\u00e7ais, lorsqu\u2019elle s\u2019est engag\u00e9e dans cette \u0153uvre \u00e0 dimension universelle.<\/span><\/p><p><span style=\"font-weight: 400;\">D\u00e9j\u00e0 quelques d\u00e9cennies avant cette date, plusieurs \u00e9taient les enfants de Tunisie qui ont effectu\u00e9 des s\u00e9jours d\u2019\u00e9tude en France. Le plus illustre des Tunisiens \u00e9tait \u00e9videmment Habib Bourguiba, qui en 1925 \u00e9tait l\u2019un des premiers r\u00e9sidents de la Cit\u00e9 Internationale du temps o\u00f9 il \u00e9tudiait les sciences politiques \u00e0 Paris.<\/span><\/p><p><span style=\"font-weight: 400;\">Des g\u00e9n\u00e9rations d\u2019\u00e9tudiants tunisiens sont pass\u00e9s par la France, y ont fond\u00e9 des associations dont la c\u00e9l\u00e8bre AEMNAF<\/span><a href=\"about:blank\"><span style=\"font-weight: 400;\">[1]<\/span><\/a><span style=\"font-weight: 400;\">.<\/span><\/p><p><span style=\"font-weight: 400;\">Mais \u00e0 partir de 1953, ann\u00e9e d\u2019ouverture de la Maison de Tunisie, des dizaines d\u2019\u00e9tudiants, titulaires du Baccalaur\u00e9at vont se succ\u00e9der d\u2019ann\u00e9e en ann\u00e9e pour se former sur les bancs des universit\u00e9s parisiennes et former par un mouvement cumulatif les nouvelles \u00e9lites qui vont constituer les b\u00e2tisseurs du nouvel \u00e9tat et de la nouvelle soci\u00e9t\u00e9 tunisienne ind\u00e9pendante.<\/span><\/p><p><span style=\"font-weight: 400;\">Tout comme les pr\u00e9curseurs de la g\u00e9n\u00e9ration pr\u00e9c\u00e9dente qui ont dirig\u00e9 le mouvement national de lib\u00e9ration, les g\u00e9n\u00e9rations nouvelles de lettr\u00e9s et de scientifiques vont doter la Tunisie des cadres scientifiques et techniques indispensables pour sa renaissance\u00a0: m\u00e9decins, ing\u00e9nieurs, architectes, acad\u00e9miciens et artistes vont nourrir les institutions nouvelles dont la jeune universit\u00e9 de Tunis de l\u2019apr\u00e8s ind\u00e9pendance.<\/span><\/p><p><span style=\"font-weight: 400;\">Aujourd\u2019hui, la Maison de Tunisie f\u00eate son 67<\/span><span style=\"font-weight: 400;\">\u00e8me<\/span><span style=\"font-weight: 400;\">. Anniversaire. De quoi \u00eatre fier, surtout que le pari de construire le projet soci\u00e9tal tunisien sur le savoir a non seulement confirm\u00e9 sa justesse, mais que ce pari doit sans cesse se nourrir de l\u2019ouverture sur le monde et de l\u2019ambition de l\u2019excellence.<\/span><\/p><p><span style=\"font-weight: 400;\">Au m\u00eame moment o\u00f9 nous f\u00eatons cette comm\u00e9moration, la Tunisie franchit une deuxi\u00e8me \u00e9tape en s\u2019appr\u00eatant \u00e0 inaugurer un second pavillon qui portera le nom de celui qui a \u00e9t\u00e9 le premier \u00e0 avoir r\u00e9sid\u00e9 dans cette Cit\u00e9\u00a0: Habib Bourguiba.<\/span><\/p><p><span style=\"font-weight: 400;\">Ce pavillon qui continuera le r\u00f4le de la premi\u00e8re fondation en l\u2019\u00e9largissant sera la preuve suppl\u00e9mentaire de l\u2019inscription de la modernit\u00e9 tunisienne dans la dur\u00e9e et dans la pers\u00e9v\u00e9rance.<\/span><\/p><p><br \/><br \/><\/p>\t\t\t\t\t\t\t\t<\/div>\n\t\t\t\t<\/div>\n\t\t\t\t\t<\/div>\n\t\t<\/div>\n\t\t\t\t<div class=\"elementor-column elementor-col-33 elementor-top-column elementor-element elementor-element-4903bea\" data-id=\"4903bea\" data-element_type=\"column\">\n\t\t\t<div class=\"elementor-widget-wrap elementor-element-populated\">\n\t\t\t\t\t\t<div class=\"elementor-element elementor-element-66eac00 elementor-widget elementor-widget-image\" data-id=\"66eac00\" data-element_type=\"widget\" data-widget_type=\"image.default\">\n\t\t\t\t<div class=\"elementor-widget-container\">\n\t\t\t\t\t\t\t\t\t\t\t\t\t\t\t<img decoding=\"async\" width=\"770\" height=\"1024\" src=\"https:\/\/maisondelatunisie.com\/Dec2025\/wp-content\/uploads\/2022\/05\/30-01-770x1024.jpg\" class=\"attachment-large size-large wp-image-1711\" alt=\"\" srcset=\"https:\/\/maisondelatunisie.com\/Dec2025\/wp-content\/uploads\/2022\/05\/30-01-770x1024.jpg 770w, https:\/\/maisondelatunisie.com\/Dec2025\/wp-content\/uploads\/2022\/05\/30-01-225x300.jpg 225w, https:\/\/maisondelatunisie.com\/Dec2025\/wp-content\/uploads\/2022\/05\/30-01-768x1022.jpg 768w, https:\/\/maisondelatunisie.com\/Dec2025\/wp-content\/uploads\/2022\/05\/30-01-1154x1536.jpg 1154w, https:\/\/maisondelatunisie.com\/Dec2025\/wp-content\/uploads\/2022\/05\/30-01-1539x2048.jpg 1539w, https:\/\/maisondelatunisie.com\/Dec2025\/wp-content\/uploads\/2022\/05\/30-01.jpg 1879w\" sizes=\"(max-width: 770px) 100vw, 770px\" \/>\t\t\t\t\t\t\t\t\t\t\t\t\t\t\t<\/div>\n\t\t\t\t<\/div>\n\t\t\t\t<div class=\"elementor-element elementor-element-699d3c4 elementor-widget elementor-widget-text-editor\" data-id=\"699d3c4\" data-element_type=\"widget\" data-widget_type=\"text-editor.default\">\n\t\t\t\t<div class=\"elementor-widget-container\">\n\t\t\t\t\t\t\t\t\t<p><b>D<\/b><b>\u00e9<\/b><b>cret beylical du d<\/b><b>\u00e9<\/b><b>cembre 1948 ordonnant la donation d<\/b><b>\u2019<\/b><b>un fonds au b<\/b><b>\u00e9<\/b><b>n<\/b><b>\u00e9<\/b><b>fice de l<\/b><b>\u2019<\/b><b>Universit<\/b><b>\u00e9<\/b><b> de Paris en vue de l<\/b><b>\u2019\u00e9<\/b><b>dification de la Maison de Tunisie.<\/b><\/p><p><span style=\"font-weight: 400;\">(Archives Nationales de Tunisie)<\/span><\/p>\t\t\t\t\t\t\t\t<\/div>\n\t\t\t\t<\/div>\n\t\t\t\t\t<\/div>\n\t\t<\/div>\n\t\t\t\t\t<\/div>\n\t\t<\/section>\n\t\t\t\t<section class=\"elementor-section elementor-top-section elementor-element elementor-element-72055b2 elementor-section-boxed elementor-section-height-default elementor-section-height-default wpr-particle-no wpr-jarallax-no wpr-parallax-no wpr-sticky-section-no\" data-id=\"72055b2\" data-element_type=\"section\">\n\t\t\t\t\t\t<div class=\"elementor-container elementor-column-gap-default\">\n\t\t\t\t\t<div class=\"elementor-column elementor-col-50 elementor-top-column elementor-element elementor-element-8386de8\" data-id=\"8386de8\" data-element_type=\"column\">\n\t\t\t<div class=\"elementor-widget-wrap elementor-element-populated\">\n\t\t\t\t\t\t<div class=\"elementor-element elementor-element-e137476 elementor-widget elementor-widget-image\" data-id=\"e137476\" data-element_type=\"widget\" data-widget_type=\"image.default\">\n\t\t\t\t<div class=\"elementor-widget-container\">\n\t\t\t\t\t\t\t\t\t\t\t\t\t\t\t<img decoding=\"async\" width=\"300\" height=\"210\" src=\"https:\/\/maisondelatunisie.com\/Dec2025\/wp-content\/uploads\/2022\/05\/31-01-300x210.jpg\" class=\"attachment-medium size-medium wp-image-1712\" alt=\"\" srcset=\"https:\/\/maisondelatunisie.com\/Dec2025\/wp-content\/uploads\/2022\/05\/31-01-300x210.jpg 300w, https:\/\/maisondelatunisie.com\/Dec2025\/wp-content\/uploads\/2022\/05\/31-01-1024x716.jpg 1024w, https:\/\/maisondelatunisie.com\/Dec2025\/wp-content\/uploads\/2022\/05\/31-01-768x537.jpg 768w, https:\/\/maisondelatunisie.com\/Dec2025\/wp-content\/uploads\/2022\/05\/31-01-1536x1073.jpg 1536w, https:\/\/maisondelatunisie.com\/Dec2025\/wp-content\/uploads\/2022\/05\/31-01-2048x1431.jpg 2048w\" sizes=\"(max-width: 300px) 100vw, 300px\" \/>\t\t\t\t\t\t\t\t\t\t\t\t\t\t\t<\/div>\n\t\t\t\t<\/div>\n\t\t\t\t<div class=\"elementor-element elementor-element-c9a217b elementor-widget elementor-widget-text-editor\" data-id=\"c9a217b\" data-element_type=\"widget\" data-widget_type=\"text-editor.default\">\n\t\t\t\t<div class=\"elementor-widget-container\">\n\t\t\t\t\t\t\t\t\t<p><b>Vue de la cit\u00e9 Internationale Universitaire lors de son inauguration en 1925.<\/b><\/p><p><b>\u00a0(Biblioth\u00e8que Nationale de France)<\/b><\/p>\t\t\t\t\t\t\t\t<\/div>\n\t\t\t\t<\/div>\n\t\t\t\t<div class=\"elementor-element elementor-element-9d6c261 elementor-widget elementor-widget-text-editor\" data-id=\"9d6c261\" data-element_type=\"widget\" data-widget_type=\"text-editor.default\">\n\t\t\t\t<div class=\"elementor-widget-container\">\n\t\t\t\t\t\t\t\t\t<p><span style=\"font-weight: 400;\">N\u00e9e dans l\u2019entre-deux-guerres, cette prestigieuse institution est le produit et la r\u00e9sultante de deux volont\u00e9s convergentes dans une conjoncture politique favorable\u00a0: une utopie ou un r\u00eave humaniste nourri par des m\u00e9c\u00e8nes g\u00e9n\u00e9reux \u00e0 leur t\u00eate, un industriel lorrain, et une conviction profonde d\u2019hommes politiques pacifistes et combatifs \u00e0 leur t\u00eate Andr\u00e9 Honnorat, Ministre de l\u2019Instruction publique au d\u00e9but des ann\u00e9es 1920.<\/span><\/p><p><span style=\"font-weight: 400;\">L\u2019objectif \u00e9tait de doter Paris d\u2019une cit\u00e9 universitaire \u00e0 la mesure de son rang mondial de capitale de la culture, des arts et de la science, mais avec une vocation pacifiste active. L\u2019id\u00e9e de la rencontre et du dialogue des jeunesses du monde fut au fondement de son ambition de conjurer les guerres et les conflits dont l\u2019effet destructeur a montr\u00e9 ses atrocit\u00e9s et la lourdeur des sacrifices des peuples.<\/span><\/p><p><span style=\"font-weight: 400;\">En voulant construire une r\u00e9sidence universitaire de dimension internationale, l\u2019ambition \u00e9tait de cr\u00e9er un espace de brassage o\u00f9 \u00e9tudiants fran\u00e7ais et \u00e9trangers puissent loger et \u00e9tudier dans de bonnes conditions, mais aussi apprendre \u00e0 partager des valeurs communes de l\u2019universalit\u00e9 et du vivre-ensemble.<\/span><\/p><p><span style=\"font-weight: 400;\">D\u00e8s 1919, les mesures de d\u00e9classement d\u2019un vaste terrain p\u00e9riph\u00e9rique, constitu\u00e9 d\u2019anciennes fortifications rendues caduques, furent entreprises et aboutirent en 1921 \u00e0 l\u2019affectation des terrains \u00e0 cette \u0153uvre mise sous la conduite de l\u2019Universit\u00e9 de Paris. Ainsi commen\u00e7a l\u2019aventure de la nouvelle institution <\/span><\/p>\t\t\t\t\t\t\t\t<\/div>\n\t\t\t\t<\/div>\n\t\t\t\t\t<\/div>\n\t\t<\/div>\n\t\t\t\t<div class=\"elementor-column elementor-col-50 elementor-top-column elementor-element elementor-element-d43deeb\" data-id=\"d43deeb\" data-element_type=\"column\">\n\t\t\t<div class=\"elementor-widget-wrap elementor-element-populated\">\n\t\t\t\t\t\t<div class=\"elementor-element elementor-element-b3f828d elementor-widget elementor-widget-image\" data-id=\"b3f828d\" data-element_type=\"widget\" data-widget_type=\"image.default\">\n\t\t\t\t<div class=\"elementor-widget-container\">\n\t\t\t\t\t\t\t\t\t\t\t\t\t\t\t<img loading=\"lazy\" decoding=\"async\" width=\"691\" height=\"1024\" src=\"https:\/\/maisondelatunisie.com\/Dec2025\/wp-content\/uploads\/2022\/05\/31-02-691x1024.jpg\" class=\"attachment-large size-large wp-image-1713\" alt=\"\" srcset=\"https:\/\/maisondelatunisie.com\/Dec2025\/wp-content\/uploads\/2022\/05\/31-02-691x1024.jpg 691w, https:\/\/maisondelatunisie.com\/Dec2025\/wp-content\/uploads\/2022\/05\/31-02-202x300.jpg 202w, https:\/\/maisondelatunisie.com\/Dec2025\/wp-content\/uploads\/2022\/05\/31-02-768x1139.jpg 768w, https:\/\/maisondelatunisie.com\/Dec2025\/wp-content\/uploads\/2022\/05\/31-02-1036x1536.jpg 1036w, https:\/\/maisondelatunisie.com\/Dec2025\/wp-content\/uploads\/2022\/05\/31-02-1381x2048.jpg 1381w, https:\/\/maisondelatunisie.com\/Dec2025\/wp-content\/uploads\/2022\/05\/31-02.jpg 1686w\" sizes=\"(max-width: 691px) 100vw, 691px\" \/>\t\t\t\t\t\t\t\t\t\t\t\t\t\t\t<\/div>\n\t\t\t\t<\/div>\n\t\t\t\t<div class=\"elementor-element elementor-element-e95dac7 elementor-widget elementor-widget-text-editor\" data-id=\"e95dac7\" data-element_type=\"widget\" data-widget_type=\"text-editor.default\">\n\t\t\t\t<div class=\"elementor-widget-container\">\n\t\t\t\t\t\t\t\t\t<p><b>Extrait du Journal Officiel Tunisien de d\u00e9cembre 1948, annon\u00e7ant la naissance du projet de la Maison de Tunisie.<\/b><\/p><p><b>(Archives Nationales de Tunisie)<\/b><\/p>\t\t\t\t\t\t\t\t<\/div>\n\t\t\t\t<\/div>\n\t\t\t\t\t<\/div>\n\t\t<\/div>\n\t\t\t\t\t<\/div>\n\t\t<\/section>\n\t\t\t\t<section class=\"elementor-section elementor-top-section elementor-element elementor-element-33cf1f2 elementor-section-boxed elementor-section-height-default elementor-section-height-default wpr-particle-no wpr-jarallax-no wpr-parallax-no wpr-sticky-section-no\" data-id=\"33cf1f2\" data-element_type=\"section\">\n\t\t\t\t\t\t<div class=\"elementor-container elementor-column-gap-default\">\n\t\t\t\t\t<div class=\"elementor-column elementor-col-100 elementor-top-column elementor-element elementor-element-66ce18f\" data-id=\"66ce18f\" data-element_type=\"column\">\n\t\t\t<div class=\"elementor-widget-wrap elementor-element-populated\">\n\t\t\t\t\t\t<div class=\"elementor-element elementor-element-8cad0da elementor-widget elementor-widget-heading\" data-id=\"8cad0da\" data-element_type=\"widget\" data-widget_type=\"heading.default\">\n\t\t\t\t<div class=\"elementor-widget-container\">\n\t\t\t\t\t<h4 class=\"elementor-heading-title elementor-size-default\">A MAISON DE TUNISIE : L\u2019ACTE DE NAISSANCE<\/h4>\t\t\t\t<\/div>\n\t\t\t\t<\/div>\n\t\t\t\t\t<\/div>\n\t\t<\/div>\n\t\t\t\t\t<\/div>\n\t\t<\/section>\n\t\t\t\t<section class=\"elementor-section elementor-top-section elementor-element elementor-element-67ff7bc elementor-section-boxed elementor-section-height-default elementor-section-height-default wpr-particle-no wpr-jarallax-no wpr-parallax-no wpr-sticky-section-no\" data-id=\"67ff7bc\" data-element_type=\"section\">\n\t\t\t\t\t\t<div class=\"elementor-container elementor-column-gap-default\">\n\t\t\t\t\t<div class=\"elementor-column elementor-col-33 elementor-top-column elementor-element elementor-element-b631002\" data-id=\"b631002\" data-element_type=\"column\">\n\t\t\t<div class=\"elementor-widget-wrap elementor-element-populated\">\n\t\t\t\t\t\t<div class=\"elementor-element elementor-element-0bd4b6f elementor-widget elementor-widget-text-editor\" data-id=\"0bd4b6f\" data-element_type=\"widget\" data-widget_type=\"text-editor.default\">\n\t\t\t\t<div class=\"elementor-widget-container\">\n\t\t\t\t\t\t\t\t\t<p><span style=\"color: var( --e-global-color-text ); font-family: var( --e-global-typography-text-font-family ), Sans-serif; letter-spacing: 0px;\">Par d\u00e9cret du 30 d\u00e9cembre 1948, le gouvernement tunisien approuve la donation \u00e0 l\u2019universit\u00e9 de Paris du terrain acquis dans l\u2019enceinte de la cit\u00e9 et d\u2019un fonds destin\u00e9 \u00e0 la construction de la maison des \u00e9tudiants.<\/span><br><\/p>\n<p><span style=\"font-weight: 400;\">\u00ab&nbsp;Le gouvernement Tunisien, d\u00e9sireux de s\u2019associer \u00e0 l\u2019\u0153uvre de rapprochement intellectuel et moral entre les jeunes \u00e9lites de toutes les nations que constitue la cit\u00e9 universitaire de Paris, fait donation de&nbsp;:<\/span><\/p>\n<ul>\n<li style=\"font-weight: 400;\" aria-level=\"1\"><span style=\"font-weight: 400;\">Des constructions que le gouvernement tunisien s\u2019engage \u00e0 \u00e9difier dans l\u2019enceinte de la cit\u00e9 universitaire, qui seront constitu\u00e9es par un immeuble de 125 chambres environ, toutes meubl\u00e9es, le tout \u00e9valu\u00e9 \u00e0 20 millions de francs et<\/span><\/li>\n<li style=\"font-weight: 400;\" aria-level=\"1\"><span style=\"font-weight: 400;\">De la somme de cinq millions de francs destin\u00e9s \u00e0 constituer les ressources n\u00e9cessaires \u00e0 l\u2019exploitation\u2026<\/span><\/li>\n<\/ul>\n<p><span style=\"font-weight: 400;\">Cette donation faite par le gouvernement tunisien \u00e0 la Fondation nationale de la cit\u00e9 universitaire provient du budget de l\u2019\u00e9tat tunisien, mais aussi d\u2019un fonds de souscription ouvert aux donateurs particulier dans tout le territoire tunisien.<\/span><\/p>\t\t\t\t\t\t\t\t<\/div>\n\t\t\t\t<\/div>\n\t\t\t\t\t<\/div>\n\t\t<\/div>\n\t\t\t\t<div class=\"elementor-column elementor-col-33 elementor-top-column elementor-element elementor-element-f3f5c26\" data-id=\"f3f5c26\" data-element_type=\"column\">\n\t\t\t<div class=\"elementor-widget-wrap elementor-element-populated\">\n\t\t\t\t\t\t<div class=\"elementor-element elementor-element-64ed92a elementor-widget elementor-widget-image\" data-id=\"64ed92a\" data-element_type=\"widget\" data-widget_type=\"image.default\">\n\t\t\t\t<div class=\"elementor-widget-container\">\n\t\t\t\t\t\t\t\t\t\t\t\t\t\t\t<img loading=\"lazy\" decoding=\"async\" width=\"669\" height=\"1024\" src=\"https:\/\/maisondelatunisie.com\/Dec2025\/wp-content\/uploads\/2022\/05\/32-01-669x1024.jpg\" class=\"attachment-large size-large wp-image-1717\" alt=\"\" srcset=\"https:\/\/maisondelatunisie.com\/Dec2025\/wp-content\/uploads\/2022\/05\/32-01-669x1024.jpg 669w, https:\/\/maisondelatunisie.com\/Dec2025\/wp-content\/uploads\/2022\/05\/32-01-196x300.jpg 196w, https:\/\/maisondelatunisie.com\/Dec2025\/wp-content\/uploads\/2022\/05\/32-01-768x1176.jpg 768w, https:\/\/maisondelatunisie.com\/Dec2025\/wp-content\/uploads\/2022\/05\/32-01-1003x1536.jpg 1003w, https:\/\/maisondelatunisie.com\/Dec2025\/wp-content\/uploads\/2022\/05\/32-01-1338x2048.jpg 1338w, https:\/\/maisondelatunisie.com\/Dec2025\/wp-content\/uploads\/2022\/05\/32-01.jpg 1633w\" sizes=\"(max-width: 669px) 100vw, 669px\" \/>\t\t\t\t\t\t\t\t\t\t\t\t\t\t\t<\/div>\n\t\t\t\t<\/div>\n\t\t\t\t\t<\/div>\n\t\t<\/div>\n\t\t\t\t<div class=\"elementor-column elementor-col-33 elementor-top-column elementor-element elementor-element-ea0499b\" data-id=\"ea0499b\" data-element_type=\"column\">\n\t\t\t<div class=\"elementor-widget-wrap elementor-element-populated\">\n\t\t\t\t\t\t<div class=\"elementor-element elementor-element-19ea6f4 elementor-widget elementor-widget-image\" data-id=\"19ea6f4\" data-element_type=\"widget\" data-widget_type=\"image.default\">\n\t\t\t\t<div class=\"elementor-widget-container\">\n\t\t\t\t\t\t\t\t\t\t\t\t\t\t\t<img loading=\"lazy\" decoding=\"async\" width=\"727\" height=\"1024\" src=\"https:\/\/maisondelatunisie.com\/Dec2025\/wp-content\/uploads\/2022\/05\/32-02-727x1024.jpg\" class=\"attachment-large size-large wp-image-1718\" alt=\"\" srcset=\"https:\/\/maisondelatunisie.com\/Dec2025\/wp-content\/uploads\/2022\/05\/32-02-727x1024.jpg 727w, https:\/\/maisondelatunisie.com\/Dec2025\/wp-content\/uploads\/2022\/05\/32-02-213x300.jpg 213w, https:\/\/maisondelatunisie.com\/Dec2025\/wp-content\/uploads\/2022\/05\/32-02-768x1082.jpg 768w, https:\/\/maisondelatunisie.com\/Dec2025\/wp-content\/uploads\/2022\/05\/32-02-1091x1536.jpg 1091w, https:\/\/maisondelatunisie.com\/Dec2025\/wp-content\/uploads\/2022\/05\/32-02-1454x2048.jpg 1454w, https:\/\/maisondelatunisie.com\/Dec2025\/wp-content\/uploads\/2022\/05\/32-02.jpg 1775w\" sizes=\"(max-width: 727px) 100vw, 727px\" \/>\t\t\t\t\t\t\t\t\t\t\t\t\t\t\t<\/div>\n\t\t\t\t<\/div>\n\t\t\t\t<div class=\"elementor-element elementor-element-ee211ff elementor-widget elementor-widget-text-editor\" data-id=\"ee211ff\" data-element_type=\"widget\" data-widget_type=\"text-editor.default\">\n\t\t\t\t<div class=\"elementor-widget-container\">\n\t\t\t\t\t\t\t\t\t<p><b>Acte d<\/b><b>\u2019<\/b><b>acceptation de la donation du terrain de la maison de tunisie par la direction de l<\/b><b>\u2019<\/b><b>instruction publique<\/b><\/p>\t\t\t\t\t\t\t\t<\/div>\n\t\t\t\t<\/div>\n\t\t\t\t\t<\/div>\n\t\t<\/div>\n\t\t\t\t\t<\/div>\n\t\t<\/section>\n\t\t\t\t<\/div>\n\t\t","protected":false},"excerpt":{"rendered":"<p>Notre histoire LA MAISON DE TUNISIE, 68 ANNEES APRES. UNE COMMUNAUTE DE DESTIN. Lorsque le bey de Tunis Mohamed Lamine&hellip;<\/p>\n","protected":false},"author":1,"featured_media":0,"parent":0,"menu_order":0,"comment_status":"closed","ping_status":"closed","template":"template-parts\/template-page-builders.php","meta":{"footnotes":""},"class_list":["post-950","page","type-page","status-publish","hentry"],"_links":{"self":[{"href":"https:\/\/maisondelatunisie.com\/Dec2025\/wp-json\/wp\/v2\/pages\/950","targetHints":{"allow":["GET"]}}],"collection":[{"href":"https:\/\/maisondelatunisie.com\/Dec2025\/wp-json\/wp\/v2\/pages"}],"about":[{"href":"https:\/\/maisondelatunisie.com\/Dec2025\/wp-json\/wp\/v2\/types\/page"}],"author":[{"embeddable":true,"href":"https:\/\/maisondelatunisie.com\/Dec2025\/wp-json\/wp\/v2\/users\/1"}],"replies":[{"embeddable":true,"href":"https:\/\/maisondelatunisie.com\/Dec2025\/wp-json\/wp\/v2\/comments?post=950"}],"version-history":[{"count":35,"href":"https:\/\/maisondelatunisie.com\/Dec2025\/wp-json\/wp\/v2\/pages\/950\/revisions"}],"predecessor-version":[{"id":4504,"href":"https:\/\/maisondelatunisie.com\/Dec2025\/wp-json\/wp\/v2\/pages\/950\/revisions\/4504"}],"wp:attachment":[{"href":"https:\/\/maisondelatunisie.com\/Dec2025\/wp-json\/wp\/v2\/media?parent=950"}],"curies":[{"name":"wp","href":"https:\/\/api.w.org\/{rel}","templated":true}]}}